{"id":11,"date":"2009-11-14T00:05:31","date_gmt":"2009-11-13T23:05:31","guid":{"rendered":"http:\/\/teaterrut.se\/?page_id=11"},"modified":"2026-03-31T06:35:40","modified_gmt":"2026-03-31T05:35:40","slug":"styrelsen","status":"publish","type":"page","link":"https:\/\/teaterrut.se\/?page_id=11","title":{"rendered":"Styrelsen"},"content":{"rendered":"\n<div class=\"wp-block-stackable-image alignfull stk-block-image stk-block stk-d39d971\" data-block-id=\"d39d971\"><style>.stk-d39d971{align-items:center !important;padding-top:0px !important;padding-right:0px !important;padding-bottom:0px !important;padding-left:0px !important;margin-bottom:-200px !important;display:flex !important;overflow:scroll !important}.stk-d39d971 .stk-img-wrapper{height:640px !important}.stk-d39d971 .stk-img-wrapper img{object-position:50% 21% !important}<\/style><figure class=\"stk-img-wrapper stk-image--shape-stretch\"><img loading=\"lazy\" decoding=\"async\" class=\"stk-img wp-image-1579\" src=\"https:\/\/teaterrut.se\/wp-content\/uploads\/Produktioner.jpg\" width=\"2560\" height=\"1700\" srcset=\"https:\/\/teaterrut.se\/wp-content\/uploads\/Produktioner.jpg 2560w, https:\/\/teaterrut.se\/wp-content\/uploads\/Produktioner-450x299.jpg 450w, https:\/\/teaterrut.se\/wp-content\/uploads\/Produktioner-1024x680.jpg 1024w, https:\/\/teaterrut.se\/wp-content\/uploads\/Produktioner-190x126.jpg 190w, https:\/\/teaterrut.se\/wp-content\/uploads\/Produktioner-768x510.jpg 768w, https:\/\/teaterrut.se\/wp-content\/uploads\/Produktioner-1536x1020.jpg 1536w, https:\/\/teaterrut.se\/wp-content\/uploads\/Produktioner-2048x1360.jpg 2048w\" sizes=\"(max-width: 2560px) 100vw, 2560px\" \/><\/figure><\/div>\n\n\n\n<div class=\"wp-block-stackable-separator alignfull stk-block-separator stk--no-padding stk-block stk-40770c1\" data-block-id=\"40770c1\"><style>.stk-40770c1{border-radius:0px !important;overflow:hidden !important;margin-bottom:0px !important;z-index:6 !important}.stk-40770c1 svg{fill:var(--paletteColor8,#ffffff) !important;filter:drop-shadow(0px -20px 20px rgba(0,0,0,0.5)) !important}.stk-40770c1 .stk-block-separator__inner{transform:scaleX(1) !important;height:200px !important}<\/style><div class=\"stk-block-separator__inner\"><svg xmlns=\"http:\/\/www.w3.org\/2000\/svg\" viewBox=\"0 0 1600 200\" class=\"stk-separator__layer-1\" preserveAspectRatio=\"none\" aria-hidden=\"true\"><path class=\"wave-1_svg__st2\" d=\"M1341.4 48.9c-182.4 0-254.2 80.4-429.4 80.4-117.8 0-209.7-67.5-393.5-67.5-142.2 0-212.6 38.8-324.6 38.8S-10 64.7-10 64.7V210h1620V102c-110.6-40.2-181-53.1-268.6-53.1z\"><\/path><\/svg><\/div><\/div>\n\n\n\n<div class=\"wp-block-stackable-heading stk-block-heading stk-block-heading--v2 stk-block stk-1b3ed03\" id=\"valkommen-till-rimbo-ungdoms-teaterforening\" data-block-id=\"1b3ed03\"><style>.stk-1b3ed03{padding-top:0px !important;padding-right:0px !important;padding-bottom:0px !important;padding-left:0px !important;margin-left:30px !important}.stk-1b3ed03 .stk-block-heading__text{line-height:2em !important;font-family:\"Albert Sans\",Sans-serif !important}.stk-1b3ed03 .stk-block-heading__top-line{width:100px !important;background-color:var(--paletteColor4,#2c3e50) !important;margin-left:0 !important;margin-right:auto !important}.stk-1b3ed03 .stk-block-heading__bottom-line{width:100px !important;background-color:var(--paletteColor4,#2c3e50) !important;margin-right:auto !important}<\/style><div class=\"stk-block-heading__top-line\"><\/div><h2 class=\"stk-block-heading__text\">Styrelsen<\/h2><div class=\"stk-block-heading__bottom-line\"><\/div><\/div>\n\n\n\n<div class=\"wp-block-stackable-columns stk-block-columns stk-block stk-bd74f1b\" data-block-id=\"bd74f1b\"><style>.stk-bd74f1b-column{--stk-columns-spacing:0px !important}<\/style><div class=\"stk-row stk-inner-blocks stk-block-content stk-content-align stk-bd74f1b-column\">\n<div class=\"wp-block-stackable-column stk-block-column stk-column stk-block stk-02f2d87\" data-v=\"4\" data-block-id=\"02f2d87\"><style>.stk-02f2d87-container{margin-top:30px !important;margin-right:30px !important;margin-bottom:30px !important;margin-left:30px !important}<\/style><div class=\"stk-column-wrapper stk-block-column__content stk-container stk-02f2d87-container stk--no-background stk--no-padding\"><div class=\"stk-block-content stk-inner-blocks stk-02f2d87-inner-blocks\">\n<div class=\"wp-block-stackable-text stk-block-text stk-block stk-ed575aa\" data-block-id=\"ed575aa\"><p class=\"stk-block-text__text\"><strong>Ordinarie<\/strong><\/p><\/div>\n\n\n\n<div class=\"wp-block-stackable-text stk-block-text stk-block stk-d262e57\" data-block-id=\"d262e57\"><p class=\"stk-block-text__text\">Ordf\u00f6rande: <em>Cecilia L\u00f6fholm<\/em><br>Vice Ordf\u00f6rande:<em>\u00a0Gunilla Rosander<\/em><br>Sekreterare: <em>Carina Holmberg Kivi<\/em><br>Kass\u00f6r: <em>Britt-Marie Friberg<\/em><br>Ledamot: <em>Alexandra Hallstedt<\/em><br>Ungdomsgruppsledam\u00f6ter:<em>\u00a0Viktor Holmberg Kivi &amp; Jack L\u00f6fholm<\/em><\/p><\/div>\n\n\n\n<div class=\"wp-block-stackable-text stk-block-text stk-block stk-3f9fc06\" data-block-id=\"3f9fc06\"><p class=\"stk-block-text__text\"><strong>Suppleanter<\/strong><\/p><\/div>\n\n\n\n<div class=\"wp-block-stackable-text stk-block-text stk-block stk-ea8298f\" data-block-id=\"ea8298f\"><p class=\"stk-block-text__text\">Vuxenledam\u00f6ter: <em>Carola Isaksson &amp; Elin Wallgren<\/em><br>Ungdomsgruppsledamot: <em>Emma Bengtsson<\/em><\/p><\/div>\n\n\n\n<div class=\"wp-block-stackable-text stk-block-text stk-block stk-d73c1ab\" data-block-id=\"d73c1ab\"><p class=\"stk-block-text__text\"><strong>Revisorer<\/strong><\/p><\/div>\n\n\n\n<div class=\"wp-block-stackable-text stk-block-text stk-block stk-a627bec\" data-block-id=\"a627bec\"><p class=\"stk-block-text__text\"><em>Lars-Johan Asplund<\/em><br><em>Marie-Louise Wallgren<\/em><\/p><\/div>\n\n\n\n<div class=\"wp-block-stackable-text stk-block-text stk-block stk-9f12a54\" data-block-id=\"9f12a54\"><p class=\"stk-block-text__text\"><strong>Valberedning<\/strong><\/p><\/div>\n\n\n\n<div class=\"wp-block-stackable-text stk-block-text stk-block stk-88c514a\" data-block-id=\"88c514a\"><p class=\"stk-block-text__text\"><em>Styrelsen<\/em><\/p><\/div>\n<\/div><\/div><\/div>\n<\/div><\/div>\n","protected":false},"excerpt":{"rendered":"<p>Styrelsen Ordinarie Ordf\u00f6rande: Cecilia L\u00f6fholmVice Ordf\u00f6rande:\u00a0Gunilla RosanderSekreterare: Carina Holmberg KiviKass\u00f6r: Britt-Marie FribergLedamot: Alexandra HallstedtUngdomsgruppsledam\u00f6ter:\u00a0Viktor Holmberg Kivi &amp; Jack L\u00f6fholm Suppleanter Vuxenledam\u00f6ter: Carola Isaksson &amp; Elin WallgrenUngdomsgruppsledamot: Emma Bengtsson Revisorer Lars-Johan AsplundMarie-Louise Wallgren Valberedning Styrelsen<\/p>\n","protected":false},"author":4,"featured_media":0,"parent":0,"menu_order":6,"comment_status":"closed","ping_status":"closed","template":"","meta":{"_uag_custom_page_level_css":"","footnotes":""},"blocksy_meta":{"styles_descriptor":{"styles":{"desktop":"","tablet":"","mobile":""},"google_fonts":[],"version":5}},"featured_image_urls":{"full":"","thumbnail":"","medium":"","medium_large":"","large":"","1536x1536":"","2048x2048":""},"post_excerpt_stackable":"<p>Styrelsen Ordinarie Ordf\u00f6rande: Cecilia L\u00f6fholmVice Ordf\u00f6rande:\u00a0Gunilla RosanderSekreterare: Carina Holmberg KiviKass\u00f6r: Britt-Marie FribergLedamot: Alexandra HallstedtUngdomsgruppsledam\u00f6ter:\u00a0Viktor Holmberg Kivi &amp; Jack L\u00f6fholm Suppleanter Vuxenledam\u00f6ter: Carola Isaksson &amp; Elin WallgrenUngdomsgruppsledamot: Emma Bengtsson Revisorer Lars-Johan AsplundMarie-Louise Wallgren Valberedning Styrelsen<\/p>\n","category_list":"","author_info":{"name":"Hamlet","url":"https:\/\/teaterrut.se\/?author=4"},"comments_num":"0 comments","uagb_featured_image_src":{"full":false,"thumbnail":false,"medium":false,"medium_large":false,"large":false,"1536x1536":false,"2048x2048":false},"uagb_author_info":{"display_name":"Hamlet","author_link":"https:\/\/teaterrut.se\/?author=4"},"uagb_comment_info":0,"uagb_excerpt":"Styrelsen Ordinarie Ordf\u00f6rande: Cecilia L\u00f6fholmVice Ordf\u00f6rande:\u00a0Gunilla RosanderSekreterare: Carina Holmberg KiviKass\u00f6r: Britt-Marie FribergLedamot: Alexandra HallstedtUngdomsgruppsledam\u00f6ter:\u00a0Viktor Holmberg Kivi &amp; Jack L\u00f6fholm Suppleanter Vuxenledam\u00f6ter: Carola Isaksson &amp; Elin WallgrenUngdomsgruppsledamot: Emma Bengtsson Revisorer Lars-Johan AsplundMarie-Louise Wallgren Valberedning Styrelsen","_links":{"self":[{"href":"https:\/\/teaterrut.se\/index.php?rest_route=\/wp\/v2\/pages\/11"}],"collection":[{"href":"https:\/\/teaterrut.se\/index.php?rest_route=\/wp\/v2\/pages"}],"about":[{"href":"https:\/\/teaterrut.se\/index.php?rest_route=\/wp\/v2\/types\/page"}],"author":[{"embeddable":true,"href":"https:\/\/teaterrut.se\/index.php?rest_route=\/wp\/v2\/users\/4"}],"replies":[{"embeddable":true,"href":"https:\/\/teaterrut.se\/index.php?rest_route=%2Fwp%2Fv2%2Fcomments&post=11"}],"version-history":[{"count":9,"href":"https:\/\/teaterrut.se\/index.php?rest_route=\/wp\/v2\/pages\/11\/revisions"}],"predecessor-version":[{"id":1775,"href":"https:\/\/teaterrut.se\/index.php?rest_route=\/wp\/v2\/pages\/11\/revisions\/1775"}],"wp:attachment":[{"href":"https:\/\/teaterrut.se\/index.php?rest_route=%2Fwp%2Fv2%2Fmedia&parent=11"}],"curies":[{"name":"wp","href":"https:\/\/api.w.org\/{rel}","templated":true}]}}