{"id":1268,"date":"2022-11-17T14:33:48","date_gmt":"2022-11-17T13:33:48","guid":{"rendered":"https:\/\/teaterrut.se\/?page_id=1268"},"modified":"2023-07-23T22:42:08","modified_gmt":"2023-07-23T21:42:08","slug":"hem","status":"publish","type":"page","link":"https:\/\/teaterrut.se\/","title":{"rendered":"Hem"},"content":{"rendered":"\n<div class=\"wp-block-stackable-image alignfull stk-block-image stk-block stk-d39d971\" data-block-id=\"d39d971\"><style>.stk-d39d971{align-items:center !important;padding-top:0px !important;padding-right:0px !important;padding-bottom:0px !important;padding-left:0px !important;margin-bottom:-200px !important;display:flex !important;overflow:scroll !important}.stk-d39d971 .stk-img-wrapper{height:640px !important}.stk-d39d971 .stk-img-wrapper img{object-position:50% 21% !important}<\/style><figure class=\"stk-img-wrapper stk-image--shape-stretch\"><img loading=\"lazy\" decoding=\"async\" class=\"stk-img wp-image-1545\" src=\"https:\/\/teaterrut.se\/wp-content\/uploads\/Valkommen.jpg\" width=\"2560\" height=\"1700\" srcset=\"https:\/\/teaterrut.se\/wp-content\/uploads\/Valkommen.jpg 2560w, https:\/\/teaterrut.se\/wp-content\/uploads\/Valkommen-450x299.jpg 450w, https:\/\/teaterrut.se\/wp-content\/uploads\/Valkommen-1024x680.jpg 1024w, https:\/\/teaterrut.se\/wp-content\/uploads\/Valkommen-190x126.jpg 190w, https:\/\/teaterrut.se\/wp-content\/uploads\/Valkommen-768x510.jpg 768w, https:\/\/teaterrut.se\/wp-content\/uploads\/Valkommen-1536x1020.jpg 1536w, https:\/\/teaterrut.se\/wp-content\/uploads\/Valkommen-2048x1360.jpg 2048w\" sizes=\"(max-width: 2560px) 100vw, 2560px\" \/><\/figure><\/div>\n\n\n\n<div class=\"wp-block-stackable-separator alignfull stk-block-separator stk--no-padding stk-block stk-40770c1\" data-block-id=\"40770c1\"><style>.stk-40770c1{border-radius:0px !important;overflow:hidden !important;margin-bottom:0px !important;z-index:6 !important}.stk-40770c1 svg{fill:var(--paletteColor8,#ffffff) !important;filter:drop-shadow(0px -20px 20px rgba(0,0,0,0.5)) !important}.stk-40770c1 .stk-block-separator__inner{transform:scaleX(1) !important;height:200px !important}<\/style><div class=\"stk-block-separator__inner\"><svg xmlns=\"http:\/\/www.w3.org\/2000\/svg\" viewBox=\"0 0 1600 200\" class=\"stk-separator__layer-1\" preserveAspectRatio=\"none\" aria-hidden=\"true\"><path class=\"wave-1_svg__st2\" d=\"M1341.4 48.9c-182.4 0-254.2 80.4-429.4 80.4-117.8 0-209.7-67.5-393.5-67.5-142.2 0-212.6 38.8-324.6 38.8S-10 64.7-10 64.7V210h1620V102c-110.6-40.2-181-53.1-268.6-53.1z\"><\/path><\/svg><\/div><\/div>\n\n\n\n<div class=\"wp-block-stackable-heading stk-block-heading stk-block-heading--v2 stk-block stk-f0c75a9\" id=\"valkommen-till-rut-rimbo-ungdoms-teaterforening\" data-block-id=\"f0c75a9\"><style>.stk-f0c75a9{padding-top:0px !important;padding-right:0px !important;padding-bottom:0px !important;padding-left:0px !important;margin-left:30px !important}.stk-f0c75a9 .stk-block-heading__text{line-height:2em !important;font-family:\"Albert Sans\",Sans-serif !important}.stk-f0c75a9 .stk-block-heading__top-line{width:100px !important;background-color:var(--paletteColor4,#2c3e50) !important;margin-left:0 !important;margin-right:auto !important}.stk-f0c75a9 .stk-block-heading__bottom-line{width:100px !important;background-color:var(--paletteColor4,#2c3e50) !important;margin-right:auto !important}<\/style><div class=\"stk-block-heading__top-line\"><\/div><h2 class=\"stk-block-heading__text\">V\u00e4lkommen till RUT, Rimbo Ungdoms Teaterf\u00f6rening!<\/h2><div class=\"stk-block-heading__bottom-line\"><\/div><\/div>\n\n\n\n<div class=\"wp-block-stackable-columns stk-block-columns stk-block stk-bbdee3b\" data-block-id=\"bbdee3b\"><style>.stk-bbdee3b-column{--stk-columns-spacing:30px !important}<\/style><div class=\"stk-row stk-inner-blocks stk-block-content stk-content-align stk-bbdee3b-column\">\n<div class=\"wp-block-stackable-column stk-block-column stk-column stk-block stk-c354fa3\" data-v=\"4\" data-block-id=\"c354fa3\"><style>.stk-c354fa3{border-radius:0px !important;overflow:hidden !important;box-shadow:none !important}<\/style><div class=\"stk-column-wrapper stk-block-column__content stk-container stk-c354fa3-container stk--no-background stk--no-padding\"><div class=\"stk-block-content stk-inner-blocks stk-c354fa3-inner-blocks\">\n<div class=\"wp-block-stackable-text stk-block-text stk-block stk-e77f858\" data-block-id=\"e77f858\"><p class=\"stk-block-text__text\">Vi \u00e4r en ideell teaterf\u00f6rening som startades 1995 och som har hunnit framf\u00f6ra ett stort antal produktioner genom \u00e5ren med v\u00e5ra olika grupper. Vi arbetar f\u00f6r att barn och ungdomar (och ibland \u00e4ven vuxna) ska ha en rolig syssels\u00e4ttning som \u00e4ven inspirerar och l\u00e4r folk att vara sig sj\u00e4lva och att ha kul.<\/p><\/div>\n\n\n\n<div class=\"wp-block-stackable-text stk-block-text stk-block stk-8172489\" data-block-id=\"8172489\"><p class=\"stk-block-text__text\">Bl\u00e4ddra g\u00e4rna igenom v\u00e5r hemsida f\u00f6r att hitta mer information om oss och vad vi har gjort och vad vi kommer g\u00f6ra fram\u00f6ver.<\/p><\/div>\n\n\n\n<h2 class=\"wp-block-heading\">B\u00e4r du p\u00e5 teaterdr\u00f6mmar? Vill du vara med och spela teater?<\/h2>\n\n\n\n<div class=\"wp-block-stackable-text stk-block-text stk-block stk-8573311\" data-block-id=\"8573311\"><p class=\"stk-block-text__text\">Att vara med i RUT kostar f\u00f6r n\u00e4rvarande 300 kr\/aktiv medlem och 500 kr f\u00f6r ett familjemedlemskap. Medlems\u00e5ldrarna ligger just nu fr\u00e5n ca 7 \u00e5r (\u00e5rskurs 1) till Barngruppen och fr\u00e5n ca 12 \u00e5r (\u00e5rskurs 6) till Ungdomsgruppen. Vuxengruppen \u00e4r en blandgrupp, s\u00e5 den har inga best\u00e4mda \u00e5ldrar, samma g\u00e4ller RimboRevyn.<br>F\u00f6r att komma i kontakt med oss, g\u00e5 in p\u00e5 sidan &#8221;Kontakta oss&#8221; i menyn.<\/p><\/div>\n\n\n\n<h2 class=\"wp-block-heading\">Vill du att vi kommer till ditt evenemang och ansiktsm\u00e5lar eller s\u00e4ljer fika?<\/h2>\n\n\n\n<div class=\"wp-block-stackable-text stk-block-text stk-block stk-b14103e\" data-block-id=\"b14103e\"><p class=\"stk-block-text__text\">F\u00f6r att f\u00e5 v\u00e5r f\u00f6rening att g\u00e5 runt ekonomiskt s\u00e5 brukar vi \u00e5ka runt i Roslagen och bist\u00e5 med bland annat ansiktsm\u00e5lning av barn och ungdomar samt s\u00e5 kan vi s\u00e4lja fika p\u00e5 diverse evenemang och h\u00e4ndelser. Detta g\u00f6r vi mot en kostnad som vi kommer \u00f6verens om. Vi kan \u00e4ven spela upp en kort f\u00f6rest\u00e4llning eller liknande om s\u00e5 \u00f6nskas Ta g\u00e4rna kontakt med oss d\u00e5 genom att g\u00e5 in p\u00e5 sidan &#8221;Kontakta oss&#8221; i menyn.<\/p><\/div>\n\n\n\n<h2 class=\"wp-block-heading\">St\u00f6d RUT!<\/h2>\n\n\n\n<div class=\"wp-block-stackable-text stk-block-text stk-block stk-f85c454\" data-block-id=\"f85c454\"><p class=\"stk-block-text__text\">Om du tycker det vi g\u00f6r \u00e4r viktigt och bra f\u00f6r v\u00e5ra kommuninv\u00e5nare, s\u00e5 f\u00e5r du g\u00e4rna st\u00f6tta oss ekonomiskt genom att bidra med valfri summa (minimum 100 kr) och d\u00e4rmed bli en st\u00f6djande medlem. Pengarna s\u00e4tter du in p\u00e5 v\u00e5rt bankgiro 5486-3923, gl\u00f6m inte att skriva ditt namn.<\/p><\/div>\n<\/div><\/div><\/div>\n<\/div><\/div>\n","protected":false},"excerpt":{"rendered":"<p>V\u00e4lkommen till RUT, Rimbo Ungdoms Teaterf\u00f6rening! Vi \u00e4r en ideell teaterf\u00f6rening som startades 1995 och som har hunnit framf\u00f6ra ett stort antal produktioner genom \u00e5ren med v\u00e5ra olika grupper. Vi arbetar f\u00f6r att barn och ungdomar (och ibland \u00e4ven vuxna) ska ha en rolig syssels\u00e4ttning som \u00e4ven inspirerar och l\u00e4r folk att vara sig sj\u00e4lva [&hellip;]<\/p>\n","protected":false},"author":4,"featured_media":0,"parent":0,"menu_order":0,"comment_status":"closed","ping_status":"closed","template":"","meta":{"_uag_custom_page_level_css":"","footnotes":""},"blocksy_meta":{"styles_descriptor":{"styles":{"desktop":"","tablet":"","mobile":""},"google_fonts":[],"version":5},"page_title_panel":"","has_hero_section":"default","35f283fc97b3a744ba2f3e40ab40ea97":"","hero_section":"type-1","hero_elements":[{"id":"custom_title","enabled":true,"heading_tag":"h1","title":"Home"},{"id":"custom_description","enabled":true,"description_visibility":{"desktop":true,"tablet":true,"mobile":false}},{"id":"custom_meta","enabled":false,"meta_elements":[{"id":"author","enabled":true,"label":"By","has_author_avatar":"yes","avatar_size":25},{"id":"post_date","enabled":true,"label":"On","date_format_source":"default","date_format":"M j, Y"},{"id":"updated_date","enabled":false,"label":"On","date_format_source":"default","date_format":"M j, Y"},{"id":"categories","enabled":false,"label":"In","style":"simple"},{"id":"comments","enabled":true}],"page_meta_elements":{"joined":true,"articles_count":true,"comments":true}},{"id":"breadcrumbs","enabled":false}],"e4997d7c2b06b41799e43ce4d1a9cb4b":"","hero_alignment1":"CT_CSS_SKIP_RULE","hero_margin":40,"hero_alignment2":"center","hero_vertical_alignment":"center","89eb72c12df08eef9ea958260df051b8":"","hero_structure":"narrow","f2ae2c24b0ab12aea0c2ec7de952e2c0":"","page_title_bg_type":"featured_image","custom_hero_background":{"attachment_id":null},"page_title_image_size":"full","parallax":{"desktop":false,"tablet":false,"mobile":false},"f79c6946d2665eff7dec5a04631cc8e6":"","hero_height":"250px","pageTitleFont":{"family":"Default","variation":"Default","size":"30px","line-height":"CT_CSS_SKIP_RULE","letter-spacing":"CT_CSS_SKIP_RULE","text-transform":"CT_CSS_SKIP_RULE","text-decoration":"CT_CSS_SKIP_RULE"},"pageTitleFontColor":{"default":{"color":"CT_CSS_SKIP_RULEDEFAULT"}},"pageMetaFont":{"family":"Default","variation":"n6","size":"12px","line-height":"1.3","letter-spacing":"CT_CSS_SKIP_RULE","text-transform":"uppercase","text-decoration":"CT_CSS_SKIP_RULE"},"pageMetaFontColor":{"default":{"color":"CT_CSS_SKIP_RULEDEFAULT"},"hover":{"color":"CT_CSS_SKIP_RULEDEFAULT"}},"page_meta_button_type_font_colors":{"default":{"color":"CT_CSS_SKIP_RULEDEFAULT"},"hover":{"color":"CT_CSS_SKIP_RULEDEFAULT"}},"page_meta_button_type_background_colors":{"default":{"color":"CT_CSS_SKIP_RULEDEFAULT"},"hover":{"color":"CT_CSS_SKIP_RULEDEFAULT"}},"pageExcerptFont":{"family":"Default","variation":"Default","size":"CT_CSS_SKIP_RULE","line-height":"CT_CSS_SKIP_RULE","letter-spacing":"CT_CSS_SKIP_RULE","text-transform":"CT_CSS_SKIP_RULE","text-decoration":"CT_CSS_SKIP_RULE"},"pageExcerptColor":{"default":{"color":"CT_CSS_SKIP_RULEDEFAULT"}},"breadcrumbsFont":{"family":"Default","variation":"Default","size":"CT_CSS_SKIP_RULE","line-height":"CT_CSS_SKIP_RULE","letter-spacing":"CT_CSS_SKIP_RULE","text-transform":"CT_CSS_SKIP_RULE","text-decoration":"CT_CSS_SKIP_RULE"},"breadcrumbsFontColor":{"default":{"color":"CT_CSS_SKIP_RULEDEFAULT"},"initial":{"color":"CT_CSS_SKIP_RULEDEFAULT"},"hover":{"color":"CT_CSS_SKIP_RULEDEFAULT"}},"pageTitleOverlay":{"background_type":"color","background_pattern":"type-1","background_image":{"attachment_id":null,"x":0,"y":0},"gradient":"linear-gradient(135deg,rgba(6,147,227,1) 0%,rgb(155,81,224) 100%)","background_repeat":"repeat","background_size":"auto","background_attachment":"scroll","patternColor":{"default":{"color":"#e5e7ea"}},"overlayColor":{"default":{"color":"CT_CSS_SKIP_RULE"}},"backgroundColor":{"default":{"color":"CT_CSS_SKIP_RULE"}}},"pageTitleBackground":{"background_type":"color","background_pattern":"type-1","background_image":{"attachment_id":null,"x":0,"y":0},"gradient":"linear-gradient(135deg,rgba(6,147,227,1) 0%,rgb(155,81,224) 100%)","background_repeat":"repeat","background_size":"auto","background_attachment":"scroll","patternColor":{"default":{"color":"#e5e7ea"}},"overlayColor":{"default":{"color":"CT_CSS_SKIP_RULE"}},"backgroundColor":{"default":{"color":"var(--paletteColor6)"}}},"pageTitlePadding":{"top":"50px","bottom":"50px","left":"auto","right":"auto","linked":true},"e75e5d1842ea5aa267301fa2e3fa18b4":"","page_structure_type":"default","f7a74030daadd1308363ebca1682587c":"","content_style_source":"inherit","content_style":"wide","vertical_spacing_source":"inherit","content_area_spacing":"both","background":{"background_type":"color","background_pattern":"type-1","background_image":{"attachment_id":null,"x":0,"y":0},"gradient":"linear-gradient(135deg,rgba(6,147,227,1) 0%,rgb(155,81,224) 100%)","background_repeat":"repeat","background_size":"auto","background_attachment":"scroll","patternColor":{"default":{"color":"#e5e7ea"}},"overlayColor":{"default":{"color":"CT_CSS_SKIP_RULE"}},"backgroundColor":{"default":{"color":"CT_CSS_SKIP_RULE"}}},"content_background":{"background_type":"color","background_pattern":"type-1","background_image":{"attachment_id":null,"x":0,"y":0},"gradient":"linear-gradient(135deg,rgba(6,147,227,1) 0%,rgb(155,81,224) 100%)","background_repeat":"repeat","background_size":"auto","background_attachment":"scroll","patternColor":{"default":{"color":"#e5e7ea"}},"overlayColor":{"default":{"color":"CT_CSS_SKIP_RULE"}},"backgroundColor":{"default":{"color":"var(--paletteColor8)"}}},"content_boxed_shadow":{"inherit":false,"blur":18,"spread":-6,"v_offset":12,"h_offset":0,"inset":false,"enable":true,"color":{"color":"rgba(34, 56, 101, 0.04)"}},"content_boxed_border":{"width":1,"style":"none","color":{"color":"rgba(44,62,80,0.2)"}},"content_boxed_radius":{"top":"3px","bottom":"3px","left":"3px","right":"3px","linked":true},"boxed_content_spacing":{"desktop":{"top":"40px","bottom":"40px","left":"40px","right":"40px","linked":true},"tablet":{"top":"35px","bottom":"35px","left":"35px","right":"35px","linked":true},"mobile":{"top":"20px","bottom":"20px","left":"20px","right":"20px","linked":true}},"784a1224daf69cf326153f1259d4ee41":"","disable_featured_image":"no","disable_share_box":"no","disable_header":"no","disable_footer":"no"},"featured_image_urls":{"full":"","thumbnail":"","medium":"","medium_large":"","large":"","1536x1536":"","2048x2048":""},"post_excerpt_stackable":"<p>V\u00e4lkommen till RUT, Rimbo Ungdoms Teaterf\u00f6rening! Vi \u00e4r en ideell teaterf\u00f6rening som startades 1995 och som har hunnit framf\u00f6ra ett stort antal produktioner genom \u00e5ren med v\u00e5ra olika grupper. Vi arbetar f\u00f6r att barn och ungdomar (och ibland \u00e4ven vuxna) ska ha en rolig syssels\u00e4ttning som \u00e4ven inspirerar och l\u00e4r folk att vara sig sj\u00e4lva och att ha kul. Bl\u00e4ddra g\u00e4rna igenom v\u00e5r hemsida f\u00f6r att hitta mer information om oss och vad vi har gjort och vad vi kommer g\u00f6ra fram\u00f6ver. B\u00e4r du p\u00e5 teaterdr\u00f6mmar? Vill du vara med och spela teater? Att vara med i RUT kostar f\u00f6r&hellip;<\/p>\n","category_list":"","author_info":{"name":"Hamlet","url":"https:\/\/teaterrut.se\/?author=4"},"comments_num":"0 comments","uagb_featured_image_src":{"full":false,"thumbnail":false,"medium":false,"medium_large":false,"large":false,"1536x1536":false,"2048x2048":false},"uagb_author_info":{"display_name":"Hamlet","author_link":"https:\/\/teaterrut.se\/?author=4"},"uagb_comment_info":0,"uagb_excerpt":"V\u00e4lkommen till RUT, Rimbo Ungdoms Teaterf\u00f6rening! Vi \u00e4r en ideell teaterf\u00f6rening som startades 1995 och som har hunnit framf\u00f6ra ett stort antal produktioner genom \u00e5ren med v\u00e5ra olika grupper. Vi arbetar f\u00f6r att barn och ungdomar (och ibland \u00e4ven vuxna) ska ha en rolig syssels\u00e4ttning som \u00e4ven inspirerar och l\u00e4r folk att vara sig sj\u00e4lva&hellip;","_links":{"self":[{"href":"https:\/\/teaterrut.se\/index.php?rest_route=\/wp\/v2\/pages\/1268"}],"collection":[{"href":"https:\/\/teaterrut.se\/index.php?rest_route=\/wp\/v2\/pages"}],"about":[{"href":"https:\/\/teaterrut.se\/index.php?rest_route=\/wp\/v2\/types\/page"}],"author":[{"embeddable":true,"href":"https:\/\/teaterrut.se\/index.php?rest_route=\/wp\/v2\/users\/4"}],"replies":[{"embeddable":true,"href":"https:\/\/teaterrut.se\/index.php?rest_route=%2Fwp%2Fv2%2Fcomments&post=1268"}],"version-history":[{"count":36,"href":"https:\/\/teaterrut.se\/index.php?rest_route=\/wp\/v2\/pages\/1268\/revisions"}],"predecessor-version":[{"id":1708,"href":"https:\/\/teaterrut.se\/index.php?rest_route=\/wp\/v2\/pages\/1268\/revisions\/1708"}],"wp:attachment":[{"href":"https:\/\/teaterrut.se\/index.php?rest_route=%2Fwp%2Fv2%2Fmedia&parent=1268"}],"curies":[{"name":"wp","href":"https:\/\/api.w.org\/{rel}","templated":true}]}}