{"id":22,"date":"2009-11-14T00:07:47","date_gmt":"2009-11-13T23:07:47","guid":{"rendered":"http:\/\/teaterrut.se\/?page_id=22"},"modified":"2026-03-31T06:38:09","modified_gmt":"2026-03-31T05:38:09","slug":"kontakta-oss","status":"publish","type":"page","link":"https:\/\/teaterrut.se\/?page_id=22","title":{"rendered":"Kontakta oss"},"content":{"rendered":"\n<div class=\"wp-block-stackable-image alignfull stk-block-image stk-block stk-aae9899\" data-block-id=\"aae9899\"><style>.stk-aae9899{align-items:center !important;margin-bottom:-200px !important;display:flex !important}.stk-aae9899 .stk-img-wrapper{height:640px !important}<\/style><figure><div class=\"stk-img-wrapper stk-image--shape-stretch\"><img loading=\"lazy\" decoding=\"async\" class=\"stk-img wp-image-1569\" src=\"https:\/\/teaterrut.se\/wp-content\/uploads\/Kontakta-oss.jpg\" width=\"2560\" height=\"1700\" srcset=\"https:\/\/teaterrut.se\/wp-content\/uploads\/Kontakta-oss.jpg 2560w, https:\/\/teaterrut.se\/wp-content\/uploads\/Kontakta-oss-450x299.jpg 450w, https:\/\/teaterrut.se\/wp-content\/uploads\/Kontakta-oss-1024x680.jpg 1024w, https:\/\/teaterrut.se\/wp-content\/uploads\/Kontakta-oss-190x126.jpg 190w, https:\/\/teaterrut.se\/wp-content\/uploads\/Kontakta-oss-768x510.jpg 768w, https:\/\/teaterrut.se\/wp-content\/uploads\/Kontakta-oss-1536x1020.jpg 1536w, https:\/\/teaterrut.se\/wp-content\/uploads\/Kontakta-oss-2048x1360.jpg 2048w\" sizes=\"(max-width: 2560px) 100vw, 2560px\" \/><\/div><\/figure><\/div>\n\n\n\n<div class=\"wp-block-stackable-separator alignfull stk-block-separator stk--no-padding stk-block stk-40770c1\" data-block-id=\"40770c1\"><style>.stk-40770c1{border-radius:0px !important;overflow:hidden !important;margin-bottom:0px !important;z-index:6 !important}.stk-40770c1 svg{fill:var(--paletteColor8,#ffffff) !important;filter:drop-shadow(0px -20px 20px rgba(0,0,0,0.5)) !important}.stk-40770c1 .stk-block-separator__inner{transform:scaleX(1) !important;height:200px !important}<\/style><div class=\"stk-block-separator__inner\"><svg xmlns=\"http:\/\/www.w3.org\/2000\/svg\" viewBox=\"0 0 1600 200\" class=\"stk-separator__layer-1\" preserveAspectRatio=\"none\" aria-hidden=\"true\"><path class=\"wave-1_svg__st2\" d=\"M1341.4 48.9c-182.4 0-254.2 80.4-429.4 80.4-117.8 0-209.7-67.5-393.5-67.5-142.2 0-212.6 38.8-324.6 38.8S-10 64.7-10 64.7V210h1620V102c-110.6-40.2-181-53.1-268.6-53.1z\"><\/path><\/svg><\/div><\/div>\n\n\n\n<div class=\"wp-block-stackable-heading stk-block-heading stk-block-heading--v2 stk-block stk-4a827ab\" id=\"valkommen-till-rimbo-ungdoms-teaterforening\" data-block-id=\"4a827ab\"><style>.stk-4a827ab{padding-top:0px !important;padding-right:0px !important;padding-bottom:0px !important;padding-left:0px !important;margin-left:30px !important}.stk-4a827ab .stk-block-heading__text{line-height:2em !important;font-family:\"Albert Sans\",Sans-serif !important}.stk-4a827ab .stk-block-heading__top-line{width:100px !important;background-color:var(--paletteColor4,#2c3e50) !important;margin-left:0 !important;margin-right:auto !important}.stk-4a827ab .stk-block-heading__bottom-line{width:100px !important;background-color:var(--paletteColor4,#2c3e50) !important;margin-right:auto !important}<\/style><div class=\"stk-block-heading__top-line\"><\/div><h2 class=\"stk-block-heading__text\">Kontakta oss<\/h2><div class=\"stk-block-heading__bottom-line\"><\/div><\/div>\n\n\n\n<div class=\"wp-block-stackable-columns stk-block-columns stk-block stk-b966439\" data-block-id=\"b966439\"><style>.stk-b966439{margin-bottom:0px !important}<\/style><div class=\"stk-row stk-inner-blocks stk-block-content stk-content-align stk-b966439-column\">\n<div class=\"wp-block-stackable-column stk-block-column stk-column stk-block stk-bd45237\" data-v=\"4\" data-block-id=\"bd45237\"><style>.stk-bd45237-container{margin-top:30px !important;margin-right:30px !important;margin-bottom:30px !important;margin-left:30px !important}<\/style><div class=\"stk-column-wrapper stk-block-column__content stk-container stk-bd45237-container stk--no-background stk--no-padding\"><div class=\"stk-block-content stk-inner-blocks stk-bd45237-inner-blocks\">\n<div class=\"wp-block-stackable-text stk-block-text stk-block stk-a18cb7c\" data-block-id=\"a18cb7c\"><p class=\"stk-block-text__text\">Vill du g\u00e5 med i RUT och spela teater? Har du n\u00e5gra funderingar? Tveka d\u00e5 inte att kontakta oss! Skicka ett e-postmeddelande till n\u00e5gon av nedanst\u00e5ende e-postadresser, alternativt genom att anv\u00e4nda kontaktformul\u00e4ret l\u00e4ngst ner p\u00e5 sidan.<\/p><\/div>\n\n\n\n<div class=\"wp-block-stackable-text stk-block-text stk-block stk-6d97813\" data-block-id=\"6d97813\"><p class=\"stk-block-text__text\"><strong>Vill du g\u00e5 med i RUT? Anm\u00e4l dig till RUTs v\u00e4ntelista:<br><\/strong>vantelista@teaterrut.se<\/p><\/div>\n\n\n\n<div class=\"wp-block-stackable-text stk-block-text stk-block stk-415da59\" data-block-id=\"415da59\"><p class=\"stk-block-text__text\">Om du vill anm\u00e4la dig eller ditt barn s\u00e5 beh\u00f6ver vi veta namnet p\u00e5 den som ska bli medlem (f\u00f6r- och efternamn), f\u00f6delsedatum (vi beh\u00f6ver ej de 4 sista siffrorna i personnumret), kontaktuppgifter (g\u00e4rna b\u00e5de e-post och telefonnummer) samt namnet p\u00e5 f\u00f6r\u00e4ldrarna i det fall du\/ni anm\u00e4ler ett barn eller en ungdom.<\/p><\/div>\n\n\n\n<div class=\"wp-block-stackable-text stk-block-text stk-block stk-fea1c5c\" data-block-id=\"fea1c5c\"><p class=\"stk-block-text__text\"><\/p><\/div>\n\n\n\n<div class=\"wp-block-stackable-text stk-block-text stk-block stk-f79974c\" data-block-id=\"f79974c\"><p class=\"stk-block-text__text\"><strong>\u00d6vriga fr\u00e5gor, bokningar och synpunkter:<br><\/strong>info@teaterrut.se<\/p><\/div>\n\n\n\n<div class=\"wp-block-stackable-text stk-block-text stk-block stk-d2c0ed1\" data-block-id=\"d2c0ed1\"><p class=\"stk-block-text__text\">Vi h\u00f6r av oss s\u00e5 fort vi kan!<\/p><\/div>\n\n\n\n<div class=\"wp-block-stackable-text stk-block-text stk-block stk-65e2b44\" data-block-id=\"65e2b44\"><p class=\"stk-block-text__text\"><\/p><\/div>\n\n\n\n<div class=\"wp-block-stackable-heading stk-block-heading stk-block-heading--v2 stk-block stk-aff3fa8\" id=\"var-styrelse\" data-block-id=\"aff3fa8\"><h2 class=\"stk-block-heading__text\">V\u00e5r styrelse<\/h2><\/div>\n\n\n\n<div class=\"wp-block-stackable-text stk-block-text stk-block stk-19199f3\" data-block-id=\"19199f3\"><p class=\"stk-block-text__text\">Ordf\u00f6rande: <em>Cecilia L\u00f6fholm<\/em><br>Vice ordf\u00f6rande: <em>Gunilla Rosander<\/em><br>Sekreterare: <em>Carina Holmberg Kivi<\/em><br>Kass\u00f6r: <em>Britt-Marie Friberg<\/em><br>Vuxenledamot: <em>Alexandra Hallstedt<\/em><br>Ungdomsledam\u00f6ter: <em>Jack L\u00f6fholm &amp; Viktor Holmberg<\/em><br><br>Suppleanter<br>Vuxenledamotsers\u00e4ttare: <em>Carola Isaksson &amp; Elin Wallgren<\/em><br>Ungdomsgrupsledamot: <em>Emma Bengtsson<\/em><\/p><\/div>\n\n\n\n<div class=\"wp-block-stackable-text stk-block-text stk-block stk-02881e4\" data-block-id=\"02881e4\"><p class=\"stk-block-text__text\">Revisorer: <em>Lars-Johan Asplund &amp; Marie-Louise Wallgren<\/em><\/p><\/div>\n\n\n\n<div class=\"wp-block-stackable-text stk-block-text stk-block stk-2044d83\" data-block-id=\"2044d83\"><p class=\"stk-block-text__text\">Valberedning: <em>Styrelsen<\/em><\/p><\/div>\n\n\n\n<div class=\"wp-block-stackable-text stk-block-text stk-block stk-cc4ec18\" data-block-id=\"cc4ec18\"><p class=\"stk-block-text__text\"><\/p><\/div>\n<\/div><\/div><\/div>\n<\/div><\/div>\n\n\n\n<div class=\"wp-block-stackable-columns stk-block-columns stk-block stk-38b618d\" data-block-id=\"38b618d\"><style>.stk-38b618d-column{--stk-columns-spacing:30px !important}<\/style><div class=\"stk-row stk-inner-blocks stk-block-content stk-content-align stk-38b618d-column\">\n<div class=\"wp-block-stackable-column stk-block-column stk-column stk-block stk-b1a1508\" data-v=\"4\" data-block-id=\"b1a1508\"><div class=\"stk-column-wrapper stk-block-column__content stk-container stk-b1a1508-container stk--no-background stk--no-padding\"><div class=\"stk-block-content stk-inner-blocks stk-b1a1508-inner-blocks\">\n<h2 class=\"wp-block-heading\">Kontaktformul\u00e4r<\/h2>\n<\/div><\/div><\/div>\n<\/div><\/div>\n\n\n\n<div class=\"wp-block-uagb-forms uagb-forms__outer-wrap uagb-block-0384f2ae uagb-forms__medium-btn\"><form class=\"uagb-forms-main-form\" method=\"post\" autocomplete=\"on\" name=\"uagb-form-0384f2ae\">\n<div class=\"wp-block-uagb-forms-name uagb-forms-name-wrap uagb-forms-field-set uagb-block-97fdfb23\"><div class=\"uagb-forms-name-label required uagb-forms-input-label\" id=\"97fdfb23\">F\u00f6rnamn<\/div><input type=\"text\" placeholder=\"John\" required class=\"uagb-forms-name-input uagb-forms-input\" name=\"97fdfb23\" autocomplete=\"given-name\"\/><\/div>\n\n\n\n<div class=\"wp-block-uagb-forms-name uagb-forms-name-wrap uagb-forms-field-set uagb-block-5c9f816f\"><div class=\"uagb-forms-name-label required uagb-forms-input-label\" id=\"5c9f816f\">Efternamn<\/div><input type=\"text\" placeholder=\"Doe\" required class=\"uagb-forms-name-input uagb-forms-input\" name=\"5c9f816f\" autocomplete=\"family-name\"\/><\/div>\n\n\n\n<div class=\"wp-block-uagb-forms-email uagb-forms-email-wrap uagb-forms-field-set uagb-block-e50364bf\"><div class=\"uagb-forms-email-label  uagb-forms-input-label\" id=\"e50364bf\">E-postadress<\/div><input type=\"email\" class=\"uagb-forms-email-input uagb-forms-input\" placeholder=\"example@mail.com\" name=\"e50364bf\" autocomplete=\"email\"\/><\/div>\n\n\n\n<div class=\"wp-block-uagb-forms-textarea uagb-forms-textarea-wrap uagb-forms-field-set uagb-block-adbda9ba\"><div class=\"uagb-forms-textarea-label required uagb-forms-input-label\" id=\"adbda9ba\">Meddelande<\/div><textarea required class=\"uagb-forms-textarea-input uagb-forms-input\" rows=\"4\" placeholder=\"Skriv ditt meddelande\" name=\"adbda9ba\" autocomplete=\"off\"><\/textarea><\/div>\n<div class=\"uagb-forms-form-hidden-data\"><input type=\"hidden\" class=\"uagb_forms_form_label\" value=\"Spectra Form\"\/><input type=\"hidden\" class=\"uagb_forms_form_id\" value=\"uagb-form-0384f2ae\"\/><\/div><div class=\"uagb-form-reacaptcha-error-0384f2ae\"><\/div><div class=\"uagb-forms-main-submit-button-wrap wp-block-button\"><button class=\"uagb-forms-main-submit-button wp-block-button__link\"><div class=\"uagb-forms-main-submit-button-text\">Skicka<\/div><\/button><\/div><\/form><div class=\"uagb-forms-success-message-0384f2ae uagb-forms-submit-message-hide\"><span>The form has been submitted successfully!<\/span><\/div><div class=\"uagb-forms-failed-message-0384f2ae uagb-forms-submit-message-hide\"><span>There has been some error while submitting the form. Please verify all form fields again.<\/span><\/div><\/div>\n","protected":false},"excerpt":{"rendered":"<p>Kontakta oss Vill du g\u00e5 med i RUT och spela teater? Har du n\u00e5gra funderingar? Tveka d\u00e5 inte att kontakta oss! Skicka ett e-postmeddelande till n\u00e5gon av nedanst\u00e5ende e-postadresser, alternativt genom att anv\u00e4nda kontaktformul\u00e4ret l\u00e4ngst ner p\u00e5 sidan. Vill du g\u00e5 med i RUT? Anm\u00e4l dig till RUTs v\u00e4ntelista:vantelista@teaterrut.se Om du vill anm\u00e4la dig eller [&hellip;]<\/p>\n","protected":false},"author":4,"featured_media":0,"parent":0,"menu_order":9,"comment_status":"closed","ping_status":"closed","template":"","meta":{"_uag_custom_page_level_css":"","footnotes":""},"blocksy_meta":{"styles_descriptor":{"styles":{"desktop":"","tablet":"","mobile":""},"google_fonts":[],"version":5}},"featured_image_urls":{"full":"","thumbnail":"","medium":"","medium_large":"","large":"","1536x1536":"","2048x2048":""},"post_excerpt_stackable":"<p>Kontakta oss Vill du g\u00e5 med i RUT och spela teater? Har du n\u00e5gra funderingar? Tveka d\u00e5 inte att kontakta oss! Skicka ett e-postmeddelande till n\u00e5gon av nedanst\u00e5ende e-postadresser, alternativt genom att anv\u00e4nda kontaktformul\u00e4ret l\u00e4ngst ner p\u00e5 sidan. Vill du g\u00e5 med i RUT? Anm\u00e4l dig till RUTs v\u00e4ntelista:vantelista@teaterrut.se Om du vill anm\u00e4la dig eller ditt barn s\u00e5 beh\u00f6ver vi veta namnet p\u00e5 den som ska bli medlem (f\u00f6r- och efternamn), f\u00f6delsedatum (vi beh\u00f6ver ej de 4 sista siffrorna i personnumret), kontaktuppgifter (g\u00e4rna b\u00e5de e-post och telefonnummer) samt namnet p\u00e5 f\u00f6r\u00e4ldrarna i det fall du\/ni anm\u00e4ler ett barn eller en&hellip;<\/p>\n","category_list":"","author_info":{"name":"Hamlet","url":"https:\/\/teaterrut.se\/?author=4"},"comments_num":"0 comments","uagb_featured_image_src":{"full":false,"thumbnail":false,"medium":false,"medium_large":false,"large":false,"1536x1536":false,"2048x2048":false},"uagb_author_info":{"display_name":"Hamlet","author_link":"https:\/\/teaterrut.se\/?author=4"},"uagb_comment_info":0,"uagb_excerpt":"Kontakta oss Vill du g\u00e5 med i RUT och spela teater? Har du n\u00e5gra funderingar? Tveka d\u00e5 inte att kontakta oss! Skicka ett e-postmeddelande till n\u00e5gon av nedanst\u00e5ende e-postadresser, alternativt genom att anv\u00e4nda kontaktformul\u00e4ret l\u00e4ngst ner p\u00e5 sidan. Vill du g\u00e5 med i RUT? Anm\u00e4l dig till RUTs v\u00e4ntelista:vantelista@teaterrut.se Om du vill anm\u00e4la dig eller&hellip;","_links":{"self":[{"href":"https:\/\/teaterrut.se\/index.php?rest_route=\/wp\/v2\/pages\/22"}],"collection":[{"href":"https:\/\/teaterrut.se\/index.php?rest_route=\/wp\/v2\/pages"}],"about":[{"href":"https:\/\/teaterrut.se\/index.php?rest_route=\/wp\/v2\/types\/page"}],"author":[{"embeddable":true,"href":"https:\/\/teaterrut.se\/index.php?rest_route=\/wp\/v2\/users\/4"}],"replies":[{"embeddable":true,"href":"https:\/\/teaterrut.se\/index.php?rest_route=%2Fwp%2Fv2%2Fcomments&post=22"}],"version-history":[{"count":24,"href":"https:\/\/teaterrut.se\/index.php?rest_route=\/wp\/v2\/pages\/22\/revisions"}],"predecessor-version":[{"id":1777,"href":"https:\/\/teaterrut.se\/index.php?rest_route=\/wp\/v2\/pages\/22\/revisions\/1777"}],"wp:attachment":[{"href":"https:\/\/teaterrut.se\/index.php?rest_route=%2Fwp%2Fv2%2Fmedia&parent=22"}],"curies":[{"name":"wp","href":"https:\/\/api.w.org\/{rel}","templated":true}]}}