{"id":34,"date":"2009-11-14T01:14:23","date_gmt":"2009-11-14T00:14:23","guid":{"rendered":"http:\/\/teaterrut.se\/?page_id=34"},"modified":"2025-03-13T20:06:00","modified_gmt":"2025-03-13T19:06:00","slug":"historik","status":"publish","type":"page","link":"https:\/\/teaterrut.se\/?page_id=34","title":{"rendered":"Sponsorer"},"content":{"rendered":"\n<div class=\"wp-block-stackable-image alignfull stk-block-image stk-block stk-955e403\" data-block-id=\"955e403\"><style>.stk-955e403{min-height:0px !important;align-items:center !important;padding-top:0px !important;padding-right:0px !important;padding-bottom:0px !important;padding-left:0px !important;margin-bottom:-200px !important;display:flex !important;overflow:hidden !important}.stk-955e403 .stk-img-wrapper{height:640px !important}.stk-955e403 .stk-img-wrapper img{object-fit:cover !important}<\/style><figure><div class=\"stk-img-wrapper stk-image--shape-stretch\"><img loading=\"lazy\" decoding=\"async\" class=\"stk-img wp-image-1565\" src=\"https:\/\/teaterrut.se\/wp-content\/uploads\/Sponsorer.jpg\" width=\"2560\" height=\"1700\" srcset=\"https:\/\/teaterrut.se\/wp-content\/uploads\/Sponsorer.jpg 2560w, https:\/\/teaterrut.se\/wp-content\/uploads\/Sponsorer-450x299.jpg 450w, https:\/\/teaterrut.se\/wp-content\/uploads\/Sponsorer-1024x680.jpg 1024w, https:\/\/teaterrut.se\/wp-content\/uploads\/Sponsorer-190x126.jpg 190w, https:\/\/teaterrut.se\/wp-content\/uploads\/Sponsorer-768x510.jpg 768w, https:\/\/teaterrut.se\/wp-content\/uploads\/Sponsorer-1536x1020.jpg 1536w, https:\/\/teaterrut.se\/wp-content\/uploads\/Sponsorer-2048x1360.jpg 2048w\" sizes=\"(max-width: 2560px) 100vw, 2560px\" \/><\/div><\/figure><\/div>\n\n\n\n<div class=\"wp-block-stackable-separator alignfull stk-block-separator stk--no-padding stk-block stk-40770c1\" data-block-id=\"40770c1\"><style>.stk-40770c1{border-radius:0px !important;overflow:hidden !important;margin-bottom:0px !important;z-index:6 !important}.stk-40770c1 svg{fill:var(--paletteColor8,#ffffff) !important;filter:drop-shadow(0px -20px 20px rgba(0,0,0,0.5)) !important}.stk-40770c1 .stk-block-separator__inner{transform:scaleX(1) !important;height:200px !important}<\/style><div class=\"stk-block-separator__inner\"><svg xmlns=\"http:\/\/www.w3.org\/2000\/svg\" viewBox=\"0 0 1600 200\" class=\"stk-separator__layer-1\" preserveAspectRatio=\"none\" aria-hidden=\"true\"><path class=\"wave-1_svg__st2\" d=\"M1341.4 48.9c-182.4 0-254.2 80.4-429.4 80.4-117.8 0-209.7-67.5-393.5-67.5-142.2 0-212.6 38.8-324.6 38.8S-10 64.7-10 64.7V210h1620V102c-110.6-40.2-181-53.1-268.6-53.1z\"><\/path><\/svg><\/div><\/div>\n\n\n\n<div class=\"wp-block-stackable-heading stk-block-heading stk-block-heading--v2 stk-block stk-7a18b21\" id=\"valkommen-till-rimbo-ungdoms-teaterforening\" data-block-id=\"7a18b21\"><style>.stk-7a18b21{padding-top:0px !important;padding-right:0px !important;padding-bottom:0px !important;padding-left:0px !important;margin-left:30px !important}.stk-7a18b21 .stk-block-heading__text{line-height:2em !important;font-family:\"Albert Sans\",Sans-serif !important}.stk-7a18b21 .stk-block-heading__top-line{width:100px !important;background-color:var(--paletteColor4,#2c3e50) !important;margin-left:0 !important;margin-right:auto !important}.stk-7a18b21 .stk-block-heading__bottom-line{width:100px !important;background-color:var(--paletteColor4,#2c3e50) !important;margin-right:auto !important}<\/style><div class=\"stk-block-heading__top-line\"><\/div><h2 class=\"stk-block-heading__text\">V\u00e5ra sponsorer och samarbetspartners<\/h2><div class=\"stk-block-heading__bottom-line\"><\/div><\/div>\n\n\n\n<div class=\"wp-block-stackable-columns stk-block-columns stk-block stk-86e1284\" data-block-id=\"86e1284\"><div class=\"stk-row stk-inner-blocks stk-block-content stk-content-align stk-86e1284-column\">\n<div class=\"wp-block-stackable-column stk-block-column stk-column stk-block stk-198fbe0\" data-v=\"4\" data-block-id=\"198fbe0\"><style>.stk-198fbe0-container{margin-top:30px !important;margin-right:30px !important;margin-bottom:30px !important;margin-left:30px !important}<\/style><div class=\"stk-column-wrapper stk-block-column__content stk-container stk-198fbe0-container stk--no-background stk--no-padding\"><div class=\"stk-block-content stk-inner-blocks stk-198fbe0-inner-blocks\">\n<div class=\"wp-block-stackable-text stk-block-text stk-block stk-955d504\" data-block-id=\"955d504\"><p class=\"stk-block-text__text\">H\u00e4r kan du se alla v\u00e5ra sponsorer och samarbetspartners som g\u00f6r att vi kan f\u00e5 v\u00e5r f\u00f6rening att g\u00e5 runt ekonomiskt och p\u00e5 \u00f6vriga s\u00e4tt.<\/p><\/div>\n\n\n\n<div class=\"wp-block-stackable-text stk-block-text stk-block stk-a8f2386\" data-block-id=\"a8f2386\"><p class=\"stk-block-text__text\">Vill du st\u00f6tta oss ekonomiskt eller p\u00e5 n\u00e5got anat s\u00e4tt? Tveka inte att kontakta oss! De som st\u00f6ttar oss listas h\u00e4r p\u00e5 hemsidan, p\u00e5 v\u00e5ra affischer och i programbladen till respektive f\u00f6rest\u00e4llning.<\/p><\/div>\n\n\n\n<div class=\"wp-block-stackable-text stk-block-text stk-block stk-c8aad29\" data-block-id=\"c8aad29\"><p class=\"stk-block-text__text\"><strong><em>Dessa vill vi tacka oerh\u00f6rt mycket f\u00f6r all hj\u00e4lp:<\/em><\/strong><\/p><\/div>\n\n\n\n<div class=\"wp-block-stackable-text stk-block-text stk-block stk-609c4f8\" data-block-id=\"609c4f8\"><p class=\"stk-block-text__text\">* Norrt\u00e4lje Kommun<br>* ATR, Amat\u00f6r Teaterns Riksf\u00f6rbund<br>* ABF Norrt\u00e4lje (Arbetarnas Bildningsf\u00f6rbund)<br>* Roslagens Sparbanks Stiftelser<br>* Lions Club Rimbo<br>* Viby Friskola<br>* E60 Elkonsult AB<br>* Norrt\u00e4lje L\u00e5sservice AB<br>* Kultursparken<br>* Svenska Kyrkan, Roslagens V\u00e4stra Pastorat<\/p><\/div>\n<\/div><\/div><\/div>\n<\/div><\/div>\n\n\n\n<p><\/p>\n","protected":false},"excerpt":{"rendered":"<p>V\u00e5ra sponsorer och samarbetspartners H\u00e4r kan du se alla v\u00e5ra sponsorer och samarbetspartners som g\u00f6r att vi kan f\u00e5 v\u00e5r f\u00f6rening att g\u00e5 runt ekonomiskt och p\u00e5 \u00f6vriga s\u00e4tt. Vill du st\u00f6tta oss ekonomiskt eller p\u00e5 n\u00e5got anat s\u00e4tt? Tveka inte att kontakta oss! De som st\u00f6ttar oss listas h\u00e4r p\u00e5 hemsidan, p\u00e5 v\u00e5ra affischer [&hellip;]<\/p>\n","protected":false},"author":4,"featured_media":0,"parent":0,"menu_order":4,"comment_status":"closed","ping_status":"closed","template":"","meta":{"_uag_custom_page_level_css":"","footnotes":""},"blocksy_meta":{"styles_descriptor":{"styles":{"desktop":"","tablet":"","mobile":""},"google_fonts":[],"version":5}},"featured_image_urls":{"full":"","thumbnail":"","medium":"","medium_large":"","large":"","1536x1536":"","2048x2048":""},"post_excerpt_stackable":"<p>V\u00e5ra sponsorer och samarbetspartners H\u00e4r kan du se alla v\u00e5ra sponsorer och samarbetspartners som g\u00f6r att vi kan f\u00e5 v\u00e5r f\u00f6rening att g\u00e5 runt ekonomiskt och p\u00e5 \u00f6vriga s\u00e4tt. Vill du st\u00f6tta oss ekonomiskt eller p\u00e5 n\u00e5got anat s\u00e4tt? Tveka inte att kontakta oss! De som st\u00f6ttar oss listas h\u00e4r p\u00e5 hemsidan, p\u00e5 v\u00e5ra affischer och i programbladen till respektive f\u00f6rest\u00e4llning. Dessa vill vi tacka oerh\u00f6rt mycket f\u00f6r all hj\u00e4lp: * Norrt\u00e4lje Kommun* ATR, Amat\u00f6r Teaterns Riksf\u00f6rbund* ABF Norrt\u00e4lje (Arbetarnas Bildningsf\u00f6rbund)* Roslagens Sparbanks Stiftelser* Lions Club Rimbo* Viby Friskola* E60 Elkonsult AB* Norrt\u00e4lje L\u00e5sservice AB* Kultursparken* Svenska Kyrkan, Roslagens V\u00e4stra&hellip;<\/p>\n","category_list":"","author_info":{"name":"Hamlet","url":"https:\/\/teaterrut.se\/?author=4"},"comments_num":"0 comments","uagb_featured_image_src":{"full":false,"thumbnail":false,"medium":false,"medium_large":false,"large":false,"1536x1536":false,"2048x2048":false},"uagb_author_info":{"display_name":"Hamlet","author_link":"https:\/\/teaterrut.se\/?author=4"},"uagb_comment_info":0,"uagb_excerpt":"V\u00e5ra sponsorer och samarbetspartners H\u00e4r kan du se alla v\u00e5ra sponsorer och samarbetspartners som g\u00f6r att vi kan f\u00e5 v\u00e5r f\u00f6rening att g\u00e5 runt ekonomiskt och p\u00e5 \u00f6vriga s\u00e4tt. Vill du st\u00f6tta oss ekonomiskt eller p\u00e5 n\u00e5got anat s\u00e4tt? Tveka inte att kontakta oss! De som st\u00f6ttar oss listas h\u00e4r p\u00e5 hemsidan, p\u00e5 v\u00e5ra affischer&hellip;","_links":{"self":[{"href":"https:\/\/teaterrut.se\/index.php?rest_route=\/wp\/v2\/pages\/34"}],"collection":[{"href":"https:\/\/teaterrut.se\/index.php?rest_route=\/wp\/v2\/pages"}],"about":[{"href":"https:\/\/teaterrut.se\/index.php?rest_route=\/wp\/v2\/types\/page"}],"author":[{"embeddable":true,"href":"https:\/\/teaterrut.se\/index.php?rest_route=\/wp\/v2\/users\/4"}],"replies":[{"embeddable":true,"href":"https:\/\/teaterrut.se\/index.php?rest_route=%2Fwp%2Fv2%2Fcomments&post=34"}],"version-history":[{"count":31,"href":"https:\/\/teaterrut.se\/index.php?rest_route=\/wp\/v2\/pages\/34\/revisions"}],"predecessor-version":[{"id":1748,"href":"https:\/\/teaterrut.se\/index.php?rest_route=\/wp\/v2\/pages\/34\/revisions\/1748"}],"wp:attachment":[{"href":"https:\/\/teaterrut.se\/index.php?rest_route=%2Fwp%2Fv2%2Fmedia&parent=34"}],"curies":[{"name":"wp","href":"https:\/\/api.w.org\/{rel}","templated":true}]}}