{"id":41,"date":"2009-11-14T01:20:45","date_gmt":"2009-11-14T00:20:45","guid":{"rendered":"http:\/\/teaterrut.se\/?page_id=41"},"modified":"2013-01-23T23:55:12","modified_gmt":"2013-01-23T22:55:12","slug":"stod-rut","status":"publish","type":"page","link":"https:\/\/teaterrut.se\/?page_id=41","title":{"rendered":"St\u00f6d RUT"},"content":{"rendered":"<p>Om du tycker det vi g\u00f6r \u00e4r viktigt f\u00f6r Rimbos inv\u00e5nare, s\u00e5 hoppas vi att du vill visa det genom att bli en av v\u00e5ra st\u00f6djande medlemmar. Minimiavgiften f\u00f6r st\u00f6djande medlemskap \u00e4r 100:-.<\/p>\n<p>Pengarna s\u00e4tter du d\u00e5 in p\u00e5 bankgiro nr: 5486-3923.<br \/>\nGl\u00f6m inte att skriva ditt namn p\u00e5 inbetalningskortet.<\/p>\n<p><em>Vi tackar f\u00f6r ditt st\u00f6d och h\u00e4lsar dig varmt v\u00e4lkommen till RUT!<\/em><\/p>\n<p style=\"text-align: center;\"><img loading=\"lazy\" decoding=\"async\" class=\"aligncenter size-medium wp-image-597\"  src=\"http:\/\/teaterrut.se\/wp-content\/uploads\/IMG_2444-450x337.jpg\" alt=\"\" width=\"450\" height=\"337\" \/><\/a> <em>(V\u00e5r f\u00f6rest\u00e4llning &#8221;Grease&#8221; som visades \u00e5r 2007).<\/em><\/p>\n","protected":false},"excerpt":{"rendered":"<p>Om du tycker det vi g\u00f6r \u00e4r viktigt f\u00f6r Rimbos inv\u00e5nare, s\u00e5 hoppas vi att du vill visa det genom att bli en av v\u00e5ra st\u00f6djande medlemmar. Minimiavgiften f\u00f6r st\u00f6djande medlemskap \u00e4r 100:-. Pengarna s\u00e4tter du d\u00e5 in p\u00e5 bankgiro nr: 5486-3923. Gl\u00f6m inte att skriva ditt namn p\u00e5 inbetalningskortet. Vi tackar f\u00f6r ditt st\u00f6d [&hellip;]<\/p>\n","protected":false},"author":4,"featured_media":0,"parent":0,"menu_order":3,"comment_status":"closed","ping_status":"closed","template":"","meta":{"_uag_custom_page_level_css":"","footnotes":""},"blocksy_meta":"","featured_image_urls":{"full":"","thumbnail":"","medium":"","medium_large":"","large":"","1536x1536":"","2048x2048":""},"post_excerpt_stackable":"<p>Om du tycker det vi g\u00f6r \u00e4r viktigt f\u00f6r Rimbos inv\u00e5nare, s\u00e5 hoppas vi att du vill visa det genom att bli en av v\u00e5ra st\u00f6djande medlemmar. Minimiavgiften f\u00f6r st\u00f6djande medlemskap \u00e4r 100:-. Pengarna s\u00e4tter du d\u00e5 in p\u00e5 bankgiro nr: 5486-3923. Gl\u00f6m inte att skriva ditt namn p\u00e5 inbetalningskortet. Vi tackar f\u00f6r ditt st\u00f6d och h\u00e4lsar dig varmt v\u00e4lkommen till RUT! (V\u00e5r f\u00f6rest\u00e4llning &#8221;Grease&#8221; som visades \u00e5r 2007).<\/p>\n","category_list":"","author_info":{"name":"Hamlet","url":"https:\/\/teaterrut.se\/?author=4"},"comments_num":"0 comments","uagb_featured_image_src":{"full":false,"thumbnail":false,"medium":false,"medium_large":false,"large":false,"1536x1536":false,"2048x2048":false},"uagb_author_info":{"display_name":"Hamlet","author_link":"https:\/\/teaterrut.se\/?author=4"},"uagb_comment_info":0,"uagb_excerpt":"Om du tycker det vi g\u00f6r \u00e4r viktigt f\u00f6r Rimbos inv\u00e5nare, s\u00e5 hoppas vi att du vill visa det genom att bli en av v\u00e5ra st\u00f6djande medlemmar. Minimiavgiften f\u00f6r st\u00f6djande medlemskap \u00e4r 100:-. Pengarna s\u00e4tter du d\u00e5 in p\u00e5 bankgiro nr: 5486-3923. Gl\u00f6m inte att skriva ditt namn p\u00e5 inbetalningskortet. Vi tackar f\u00f6r ditt st\u00f6d&hellip;","_links":{"self":[{"href":"https:\/\/teaterrut.se\/index.php?rest_route=\/wp\/v2\/pages\/41"}],"collection":[{"href":"https:\/\/teaterrut.se\/index.php?rest_route=\/wp\/v2\/pages"}],"about":[{"href":"https:\/\/teaterrut.se\/index.php?rest_route=\/wp\/v2\/types\/page"}],"author":[{"embeddable":true,"href":"https:\/\/teaterrut.se\/index.php?rest_route=\/wp\/v2\/users\/4"}],"replies":[{"embeddable":true,"href":"https:\/\/teaterrut.se\/index.php?rest_route=%2Fwp%2Fv2%2Fcomments&post=41"}],"version-history":[{"count":0,"href":"https:\/\/teaterrut.se\/index.php?rest_route=\/wp\/v2\/pages\/41\/revisions"}],"wp:attachment":[{"href":"https:\/\/teaterrut.se\/index.php?rest_route=%2Fwp%2Fv2%2Fmedia&parent=41"}],"curies":[{"name":"wp","href":"https:\/\/api.w.org\/{rel}","templated":true}]}}