{"id":64,"date":"2009-11-14T01:48:08","date_gmt":"2009-11-14T00:48:08","guid":{"rendered":"http:\/\/teaterrut.se\/?page_id=64"},"modified":"2025-11-24T18:59:16","modified_gmt":"2025-11-24T17:59:16","slug":"ungdomsgruppen","status":"publish","type":"page","link":"https:\/\/teaterrut.se\/?page_id=64","title":{"rendered":"Ungdomsgruppen"},"content":{"rendered":"\n<div class=\"wp-block-stackable-image alignfull stk-block-image stk-block stk-d39d971\" data-block-id=\"d39d971\"><style>.stk-d39d971{align-items:center !important;padding-top:0px !important;padding-right:0px !important;padding-bottom:0px !important;padding-left:0px !important;margin-bottom:-200px !important;display:flex !important;overflow:scroll !important}.stk-d39d971 .stk-img-wrapper{height:640px !important}.stk-d39d971 .stk-img-wrapper img{object-position:50% 21% !important}<\/style><figure><div class=\"stk-img-wrapper stk-image--shape-stretch\"><img loading=\"lazy\" decoding=\"async\" class=\"stk-img wp-image-1667\" src=\"https:\/\/teaterrut.se\/wp-content\/uploads\/Ungdomsgruppen.jpg\" width=\"2560\" height=\"1700\" srcset=\"https:\/\/teaterrut.se\/wp-content\/uploads\/Ungdomsgruppen.jpg 2560w, https:\/\/teaterrut.se\/wp-content\/uploads\/Ungdomsgruppen-450x299.jpg 450w, https:\/\/teaterrut.se\/wp-content\/uploads\/Ungdomsgruppen-1024x680.jpg 1024w, https:\/\/teaterrut.se\/wp-content\/uploads\/Ungdomsgruppen-190x126.jpg 190w, https:\/\/teaterrut.se\/wp-content\/uploads\/Ungdomsgruppen-768x510.jpg 768w, https:\/\/teaterrut.se\/wp-content\/uploads\/Ungdomsgruppen-1536x1020.jpg 1536w, https:\/\/teaterrut.se\/wp-content\/uploads\/Ungdomsgruppen-2048x1360.jpg 2048w\" sizes=\"(max-width: 2560px) 100vw, 2560px\" \/><\/div><\/figure><\/div>\n\n\n\n<div class=\"wp-block-stackable-separator alignfull stk-block-separator stk--no-padding stk-block stk-40770c1\" data-block-id=\"40770c1\"><style>.stk-40770c1{border-radius:0px !important;overflow:hidden !important;margin-bottom:0px !important;z-index:6 !important}.stk-40770c1 svg{fill:var(--paletteColor8,#ffffff) !important;filter:drop-shadow(0px -20px 20px rgba(0,0,0,0.5)) !important}.stk-40770c1 .stk-block-separator__inner{transform:scaleX(1) !important;height:200px !important}<\/style><div class=\"stk-block-separator__inner\"><svg xmlns=\"http:\/\/www.w3.org\/2000\/svg\" viewBox=\"0 0 1600 200\" class=\"stk-separator__layer-1\" preserveAspectRatio=\"none\" aria-hidden=\"true\"><path class=\"wave-1_svg__st2\" d=\"M1341.4 48.9c-182.4 0-254.2 80.4-429.4 80.4-117.8 0-209.7-67.5-393.5-67.5-142.2 0-212.6 38.8-324.6 38.8S-10 64.7-10 64.7V210h1620V102c-110.6-40.2-181-53.1-268.6-53.1z\"><\/path><\/svg><\/div><\/div>\n\n\n\n<div class=\"wp-block-stackable-heading stk-block-heading stk-block-heading--v2 stk-block stk-d58497a\" id=\"valkommen-till-rimbo-ungdoms-teaterforening\" data-block-id=\"d58497a\"><style>.stk-d58497a{padding-top:0px !important;padding-right:0px !important;padding-bottom:0px !important;padding-left:0px !important;margin-left:30px !important}.stk-d58497a .stk-block-heading__text{line-height:2em !important;font-family:\"Albert Sans\",Sans-serif !important}.stk-d58497a .stk-block-heading__top-line{width:100px !important;background-color:var(--paletteColor4,#2c3e50) !important;margin-left:0 !important;margin-right:auto !important}.stk-d58497a .stk-block-heading__bottom-line{width:100px !important;background-color:var(--paletteColor4,#2c3e50) !important;margin-right:auto !important}<\/style><div class=\"stk-block-heading__top-line\"><\/div><h2 class=\"stk-block-heading__text\">Ungdomsgruppen<\/h2><div class=\"stk-block-heading__bottom-line\"><\/div><\/div>\n\n\n\n<div class=\"wp-block-stackable-text stk-block-text stk-block stk-da4a6cc\" data-block-id=\"da4a6cc\"><style>.stk-da4a6cc{left:30px !important}<\/style><p class=\"stk-block-text__text\">Just nu har Ungdomsgruppen ingen ny f\u00f6rest\u00e4llning planerad.<\/p><\/div>\n\n\n\n<h2 class=\"wp-block-heading\">Ungdomsgruppens tidigare f\u00f6rest\u00e4llningar genom \u00e5ren:<\/h2>\n\n\n\n<div class=\"wp-block-stackable-icon-list stk-block-icon-list stk-block stk-2fe61cf\" data-block-id=\"2fe61cf\"><style>.stk-2fe61cf{left:30px !important}.stk-2fe61cf ul li{list-style-image:url('data:image\/svg+xml;base64,PHN2ZyB4bWxucz0iaHR0cDovL3d3dy53My5vcmcvMjAwMC9zdmciIHZpZXdCb3g9IjAgMCAxOTAgMTkwIiBzdHlsZT0iZmlsbDogIzAwMCAhaW1wb3J0YW50OyBjb2xvcjogIzAwMCAhaW1wb3J0YW50O3RyYW5zZm9ybTogcm90YXRlKGRlZykgIWltcG9ydGFudDsiPjxwb2x5Z29uIHBvaW50cz0iMTczLjgsMjguNCA2MC40LDE0MS44IDE1LjcsOTcuMiA1LjEsMTA3LjggNjAuNCwxNjMgMTg0LjQsMzkgMTczLjgsMjguNCIgZmlsbD0iIzAwMCIgc3Ryb2tlPSIjMDAwIiBzdHlsZT0iZmlsbDogcmdiKDAsIDAsIDApOyBzdHJva2U6IHJnYigwLCAwLCAwKTsiLz48L3N2Zz4=') !important}<\/style><ul><li>Annie get your gun (1996)<\/li><li>Grease (1997)<\/li><li>Grodkungen (1998)<\/li><li>Sp\u00f6ket p\u00e5 Canterville (1999)<\/li><li>Arsenik och gamla spetsar (2000)<\/li><li>Trollkarlen fr\u00e5n Oz (2002)<\/li><li>Ronja R\u00f6vardotter (2003)<\/li><li>En Julsaga (2004)<\/li><li>Vart jag \u00e4n g\u00e5r, Finns du d\u00e4r (2006)<\/li><li>Grease (2007)<\/li><li>Mycket v\u00e4sen f\u00f6r ingenting (2008)<\/li><li>Det susar i s\u00e4ven (2009)<\/li><li>Grodkungen (2010)<\/li><li>Pelle Svansl\u00f6s (2011)<\/li><li>Br\u00f6derna Lejonhj\u00e4rta (2012)<\/li><li>Ber\u00e4ttelsen om Narnia &#8211; H\u00e4xan &amp; Lejonet (2013)<\/li><li>Skattkammar\u00f6n (2014)<\/li><li>Alice i underlandet (2016)<\/li><li>N\u00f6tkn\u00e4pparen (2019)<\/li><li>Sp\u00f6ket p\u00e5 Canterville (2021)<\/li><li>En Julsaga (2023)<\/li><li>Robin Hood (2025)<\/li><\/ul><\/div>\n","protected":false},"excerpt":{"rendered":"<p>Ungdomsgruppen Just nu har Ungdomsgruppen ingen ny f\u00f6rest\u00e4llning planerad. Ungdomsgruppens tidigare f\u00f6rest\u00e4llningar genom \u00e5ren: Annie get your gun (1996) Grease (1997) Grodkungen (1998) Sp\u00f6ket p\u00e5 Canterville (1999) Arsenik och gamla spetsar (2000) Trollkarlen fr\u00e5n Oz (2002) Ronja R\u00f6vardotter (2003) En Julsaga (2004) Vart jag \u00e4n g\u00e5r, Finns du d\u00e4r (2006) Grease (2007) Mycket v\u00e4sen f\u00f6r [&hellip;]<\/p>\n","protected":false},"author":4,"featured_media":0,"parent":7,"menu_order":2,"comment_status":"closed","ping_status":"closed","template":"","meta":{"_uag_custom_page_level_css":"","footnotes":""},"blocksy_meta":{"styles_descriptor":{"styles":{"desktop":"","tablet":"","mobile":""},"google_fonts":[],"version":5}},"featured_image_urls":{"full":"","thumbnail":"","medium":"","medium_large":"","large":"","1536x1536":"","2048x2048":""},"post_excerpt_stackable":"<p>Ungdomsgruppen Just nu har Ungdomsgruppen ingen ny f\u00f6rest\u00e4llning planerad. Ungdomsgruppens tidigare f\u00f6rest\u00e4llningar genom \u00e5ren: Annie get your gun (1996)Grease (1997)Grodkungen (1998)Sp\u00f6ket p\u00e5 Canterville (1999)Arsenik och gamla spetsar (2000)Trollkarlen fr\u00e5n Oz (2002)Ronja R\u00f6vardotter (2003)En Julsaga (2004)Vart jag \u00e4n g\u00e5r, Finns du d\u00e4r (2006)Grease (2007)Mycket v\u00e4sen f\u00f6r ingenting (2008)Det susar i s\u00e4ven (2009)Grodkungen (2010)Pelle Svansl\u00f6s (2011)Br\u00f6derna Lejonhj\u00e4rta (2012)Ber\u00e4ttelsen om Narnia &#8211; H\u00e4xan &amp; Lejonet (2013)Skattkammar\u00f6n (2014)Alice i underlandet (2016)N\u00f6tkn\u00e4pparen (2019)Sp\u00f6ket p\u00e5 Canterville (2021)En Julsaga (2023)Robin Hood (2025)<\/p>\n","category_list":"","author_info":{"name":"Hamlet","url":"https:\/\/teaterrut.se\/?author=4"},"comments_num":"0 comments","uagb_featured_image_src":{"full":false,"thumbnail":false,"medium":false,"medium_large":false,"large":false,"1536x1536":false,"2048x2048":false},"uagb_author_info":{"display_name":"Hamlet","author_link":"https:\/\/teaterrut.se\/?author=4"},"uagb_comment_info":0,"uagb_excerpt":"Ungdomsgruppen Just nu har Ungdomsgruppen ingen ny f\u00f6rest\u00e4llning planerad. Ungdomsgruppens tidigare f\u00f6rest\u00e4llningar genom \u00e5ren: Annie get your gun (1996) Grease (1997) Grodkungen (1998) Sp\u00f6ket p\u00e5 Canterville (1999) Arsenik och gamla spetsar (2000) Trollkarlen fr\u00e5n Oz (2002) Ronja R\u00f6vardotter (2003) En Julsaga (2004) Vart jag \u00e4n g\u00e5r, Finns du d\u00e4r (2006) Grease (2007) Mycket v\u00e4sen f\u00f6r&hellip;","_links":{"self":[{"href":"https:\/\/teaterrut.se\/index.php?rest_route=\/wp\/v2\/pages\/64"}],"collection":[{"href":"https:\/\/teaterrut.se\/index.php?rest_route=\/wp\/v2\/pages"}],"about":[{"href":"https:\/\/teaterrut.se\/index.php?rest_route=\/wp\/v2\/types\/page"}],"author":[{"embeddable":true,"href":"https:\/\/teaterrut.se\/index.php?rest_route=\/wp\/v2\/users\/4"}],"replies":[{"embeddable":true,"href":"https:\/\/teaterrut.se\/index.php?rest_route=%2Fwp%2Fv2%2Fcomments&post=64"}],"version-history":[{"count":21,"href":"https:\/\/teaterrut.se\/index.php?rest_route=\/wp\/v2\/pages\/64\/revisions"}],"predecessor-version":[{"id":1770,"href":"https:\/\/teaterrut.se\/index.php?rest_route=\/wp\/v2\/pages\/64\/revisions\/1770"}],"up":[{"embeddable":true,"href":"https:\/\/teaterrut.se\/index.php?rest_route=\/wp\/v2\/pages\/7"}],"wp:attachment":[{"href":"https:\/\/teaterrut.se\/index.php?rest_route=%2Fwp%2Fv2%2Fmedia&parent=64"}],"curies":[{"name":"wp","href":"https:\/\/api.w.org\/{rel}","templated":true}]}}