{"id":7,"date":"2009-11-14T00:01:05","date_gmt":"2009-11-13T23:01:05","guid":{"rendered":"http:\/\/teaterrut.se\/?page_id=7"},"modified":"2023-08-21T17:27:27","modified_gmt":"2023-08-21T16:27:27","slug":"vara-produktioner","status":"publish","type":"page","link":"https:\/\/teaterrut.se\/?page_id=7","title":{"rendered":"Produktioner"},"content":{"rendered":"\n<div class=\"wp-block-stackable-image alignfull stk-block-image stk-block stk-d39d971\" data-block-id=\"d39d971\"><style>.stk-d39d971{align-items:center !important;padding-top:0px !important;padding-right:0px !important;padding-bottom:0px !important;padding-left:0px !important;margin-bottom:-200px !important;display:flex !important;overflow:scroll !important}.stk-d39d971 .stk-img-wrapper{height:640px !important}.stk-d39d971 .stk-img-wrapper img{object-position:50% 21% !important}<\/style><figure class=\"stk-img-wrapper stk-image--shape-stretch\"><img loading=\"lazy\" decoding=\"async\" class=\"stk-img wp-image-1579\" src=\"https:\/\/teaterrut.se\/wp-content\/uploads\/Produktioner.jpg\" width=\"2560\" height=\"1700\" srcset=\"https:\/\/teaterrut.se\/wp-content\/uploads\/Produktioner.jpg 2560w, https:\/\/teaterrut.se\/wp-content\/uploads\/Produktioner-450x299.jpg 450w, https:\/\/teaterrut.se\/wp-content\/uploads\/Produktioner-1024x680.jpg 1024w, https:\/\/teaterrut.se\/wp-content\/uploads\/Produktioner-190x126.jpg 190w, https:\/\/teaterrut.se\/wp-content\/uploads\/Produktioner-768x510.jpg 768w, https:\/\/teaterrut.se\/wp-content\/uploads\/Produktioner-1536x1020.jpg 1536w, https:\/\/teaterrut.se\/wp-content\/uploads\/Produktioner-2048x1360.jpg 2048w\" sizes=\"(max-width: 2560px) 100vw, 2560px\" \/><\/figure><\/div>\n\n\n\n<div class=\"wp-block-stackable-separator alignfull stk-block-separator stk--no-padding stk-block stk-40770c1\" data-block-id=\"40770c1\"><style>.stk-40770c1{border-radius:0px !important;overflow:hidden !important;margin-bottom:0px !important;z-index:6 !important}.stk-40770c1 svg{fill:var(--paletteColor8,#ffffff) !important;filter:drop-shadow(0px -20px 20px rgba(0,0,0,0.5)) !important}.stk-40770c1 .stk-block-separator__inner{transform:scaleX(1) !important;height:200px !important}<\/style><div class=\"stk-block-separator__inner\"><svg xmlns=\"http:\/\/www.w3.org\/2000\/svg\" viewBox=\"0 0 1600 200\" class=\"stk-separator__layer-1\" preserveAspectRatio=\"none\" aria-hidden=\"true\"><path class=\"wave-1_svg__st2\" d=\"M1341.4 48.9c-182.4 0-254.2 80.4-429.4 80.4-117.8 0-209.7-67.5-393.5-67.5-142.2 0-212.6 38.8-324.6 38.8S-10 64.7-10 64.7V210h1620V102c-110.6-40.2-181-53.1-268.6-53.1z\"><\/path><\/svg><\/div><\/div>\n\n\n\n<div class=\"wp-block-stackable-heading stk-block-heading stk-block-heading--v2 stk-block stk-f2d0d29\" id=\"valkommen-till-rimbo-ungdoms-teaterforening\" data-block-id=\"f2d0d29\"><style>.stk-f2d0d29{padding-top:0px !important;padding-right:0px !important;padding-bottom:0px !important;padding-left:0px !important;margin-left:30px !important}.stk-f2d0d29 .stk-block-heading__text{line-height:2em !important;font-family:\"Albert Sans\",Sans-serif !important}.stk-f2d0d29 .stk-block-heading__top-line{width:100px !important;background-color:var(--paletteColor4,#2c3e50) !important;margin-left:0 !important;margin-right:auto !important}.stk-f2d0d29 .stk-block-heading__bottom-line{width:100px !important;background-color:var(--paletteColor4,#2c3e50) !important;margin-right:auto !important}<\/style><div class=\"stk-block-heading__top-line\"><\/div><h2 class=\"stk-block-heading__text\">Produktioner<\/h2><div class=\"stk-block-heading__bottom-line\"><\/div><\/div>\n\n\n\n<div class=\"wp-block-stackable-columns stk-block-columns stk-block stk-e94a981\" data-block-id=\"e94a981\"><style>.stk-e94a981{margin-bottom:0px !important}.stk-e94a981-column{--stk-columns-spacing:30px !important}<\/style><div class=\"stk-row stk-inner-blocks stk-block-content stk-content-align stk-e94a981-column\">\n<div class=\"wp-block-stackable-column stk-block-column stk-column stk-block stk-b97624a\" data-v=\"4\" data-block-id=\"b97624a\"><div class=\"stk-column-wrapper stk-block-column__content stk-container stk-b97624a-container stk--no-background stk--no-padding\"><div class=\"stk-block-content stk-inner-blocks stk-b97624a-inner-blocks\">\n<div class=\"wp-block-stackable-text stk-block-text stk-block stk-7d85e02\" data-block-id=\"7d85e02\"><p class=\"stk-block-text__text\">F\u00f6r mer information om v\u00e5ra olika grupper inom RUT, var v\u00e4nlig v\u00e4lj grupp genom att klicka p\u00e5 n\u00e5got av valen nedan:<\/p><\/div>\n<\/div><\/div><\/div>\n<\/div><\/div>\n\n\n\n<div class=\"wp-block-stackable-columns stk-block-columns stk-block stk-f91287f\" data-block-id=\"f91287f\"><div class=\"stk-row stk-inner-blocks stk-block-content stk-content-align stk-f91287f-column alignwide\">\n<div class=\"wp-block-stackable-column stk-block-column stk-column stk-block stk-c0d4254\" data-v=\"4\" data-block-id=\"c0d4254\"><style>.stk-c0d4254-container{margin-top:15px !important;margin-right:15px !important;margin-bottom:15px !important;margin-left:15px !important}<\/style><div class=\"stk-column-wrapper stk-block-column__content stk-container stk-c0d4254-container stk--no-background stk--no-padding\"><div class=\"stk-block-content stk-inner-blocks stk-c0d4254-inner-blocks\">\n<div class=\"wp-block-stackable-feature stk-block-feature stk-block stk-4c74327 is-style-default\" data-v=\"2\" data-block-id=\"4c74327\"><div class=\"stk-content-align stk-4c74327-column stk-container stk-4c74327-container stk--no-background stk--no-padding\"><div class=\"stk-inner-blocks stk-block-content stk-row\">\n<div class=\"wp-block-stackable-column stk-block-column stk-column stk-block stk-142320f\" data-v=\"4\" data-block-id=\"142320f\"><style>.stk-142320f{align-self:center !important}<\/style><div class=\"stk-column-wrapper stk-block-column__content stk-container stk-142320f-container stk--no-background stk--no-padding\"><div class=\"stk-block-content stk-inner-blocks stk-142320f-inner-blocks\">\n<div class=\"wp-block-stackable-image stk-block-image stk-block stk-7cca68b\" data-block-id=\"7cca68b\"><style>.stk-7cca68b .stk-img-wrapper{height:350px !important}<\/style><a class=\"stk-link stk-img-wrapper stk-image--shape-stretch\" href=\"https:\/\/teaterrut.se\/?page_id=9\"><img loading=\"lazy\" decoding=\"async\" class=\"stk-img wp-image-1585\" src=\"https:\/\/teaterrut.se\/wp-content\/uploads\/Produktioner-BG.jpg\" width=\"2560\" height=\"1700\" srcset=\"https:\/\/teaterrut.se\/wp-content\/uploads\/Produktioner-BG.jpg 2560w, https:\/\/teaterrut.se\/wp-content\/uploads\/Produktioner-BG-450x299.jpg 450w, https:\/\/teaterrut.se\/wp-content\/uploads\/Produktioner-BG-1024x680.jpg 1024w, https:\/\/teaterrut.se\/wp-content\/uploads\/Produktioner-BG-190x126.jpg 190w, https:\/\/teaterrut.se\/wp-content\/uploads\/Produktioner-BG-768x510.jpg 768w, https:\/\/teaterrut.se\/wp-content\/uploads\/Produktioner-BG-1536x1020.jpg 1536w, https:\/\/teaterrut.se\/wp-content\/uploads\/Produktioner-BG-2048x1360.jpg 2048w\" sizes=\"(max-width: 2560px) 100vw, 2560px\" \/><\/a><\/div>\n\n\n\n<div class=\"wp-block-stackable-heading stk-block-heading stk-block-heading--v2 stk-block stk-ff0cb55\" id=\"barngruppen\" data-block-id=\"ff0cb55\"><h2 class=\"stk-block-heading__text\">Barngruppen<\/h2><\/div>\n\n\n\n<div class=\"wp-block-stackable-text stk-block-text stk-block stk-c0c9dca\" data-block-id=\"c0c9dca\"><p class=\"stk-block-text__text\">Denna grupp \u00e4r f\u00f6r barn i \u00e5ldrarna 7-11 \u00e5r. F\u00f6rest\u00e4llningar ges enbart f\u00f6r familj och sl\u00e4kt, inte f\u00f6r allm\u00e4nheten eller skolor. Gruppen startades \u00e5r 2010 och har hittills framf\u00f6r 4 st f\u00f6rest\u00e4llningar.<\/p><\/div>\n\n\n\n<div class=\"wp-block-stackable-button-group stk-block-button-group stk-block stk-cb9d4c3\" data-block-id=\"cb9d4c3\"><div class=\"stk-row stk-inner-blocks stk-block-content stk-button-group\">\n<div class=\"wp-block-stackable-button stk-block-button stk-block stk-7cc1fbc\" data-block-id=\"7cc1fbc\"><style>.stk-7cc1fbc .stk-button{border-radius:0px !important}<\/style><a class=\"stk-link stk-button stk--hover-effect-scale-more\" href=\"https:\/\/teaterrut.se\/?page_id=9\"><span class=\"stk-button__inner-text\">L\u00e4s mer<\/span><\/a><\/div>\n<\/div><\/div>\n<\/div><\/div><\/div>\n<\/div><\/div><\/div>\n<\/div><\/div><\/div>\n\n\n\n<div class=\"wp-block-stackable-column stk-block-column stk-column stk-block stk-cd00cfe\" data-v=\"4\" data-block-id=\"cd00cfe\"><style>.stk-cd00cfe-container{margin-top:15px !important;margin-right:15px !important;margin-bottom:15px !important;margin-left:15px !important}<\/style><div class=\"stk-column-wrapper stk-block-column__content stk-container stk-cd00cfe-container stk--no-background stk--no-padding\"><div class=\"stk-block-content stk-inner-blocks stk-cd00cfe-inner-blocks\">\n<div class=\"wp-block-stackable-feature stk-block-feature stk-block stk-896b1e3 is-style-default\" data-v=\"2\" data-block-id=\"896b1e3\"><div class=\"stk-content-align stk-896b1e3-column stk-container stk-896b1e3-container stk--no-background stk--no-padding\"><div class=\"stk-inner-blocks stk-block-content stk-row\">\n<div class=\"wp-block-stackable-column stk-block-column stk-column stk-block stk-1e2c601\" data-v=\"4\" data-block-id=\"1e2c601\"><style>.stk-1e2c601{align-self:center !important}<\/style><div class=\"stk-column-wrapper stk-block-column__content stk-container stk-1e2c601-container stk--no-background stk--no-padding\"><div class=\"stk-block-content stk-inner-blocks stk-1e2c601-inner-blocks\">\n<div class=\"wp-block-stackable-image stk-block-image stk-block stk-1bdd4ca\" data-block-id=\"1bdd4ca\"><style>.stk-1bdd4ca .stk-img-wrapper{height:350px !important}<\/style><a class=\"stk-link stk-img-wrapper stk-image--shape-stretch\" href=\"https:\/\/teaterrut.se\/?page_id=64\"><img loading=\"lazy\" decoding=\"async\" class=\"stk-img wp-image-1587\" src=\"https:\/\/teaterrut.se\/wp-content\/uploads\/Produktioner-UG.jpg\" width=\"2560\" height=\"1700\" srcset=\"https:\/\/teaterrut.se\/wp-content\/uploads\/Produktioner-UG.jpg 2560w, https:\/\/teaterrut.se\/wp-content\/uploads\/Produktioner-UG-450x299.jpg 450w, https:\/\/teaterrut.se\/wp-content\/uploads\/Produktioner-UG-1024x680.jpg 1024w, https:\/\/teaterrut.se\/wp-content\/uploads\/Produktioner-UG-190x126.jpg 190w, https:\/\/teaterrut.se\/wp-content\/uploads\/Produktioner-UG-768x510.jpg 768w, https:\/\/teaterrut.se\/wp-content\/uploads\/Produktioner-UG-1536x1020.jpg 1536w, https:\/\/teaterrut.se\/wp-content\/uploads\/Produktioner-UG-2048x1360.jpg 2048w\" sizes=\"(max-width: 2560px) 100vw, 2560px\" \/><\/a><\/div>\n\n\n\n<div class=\"wp-block-stackable-heading stk-block-heading stk-block-heading--v2 stk-block stk-294835e\" id=\"ungdomsgruppen\" data-block-id=\"294835e\"><h2 class=\"stk-block-heading__text\">Ungdomsgruppen<\/h2><\/div>\n\n\n\n<div class=\"wp-block-stackable-text stk-block-text stk-block stk-1f3f76e\" data-block-id=\"1f3f76e\"><p class=\"stk-block-text__text\">Detta \u00e4r v\u00e5r ordinarie grupp som vi startade f\u00f6reningen med \u00e5r 1995 och gruppen har framf\u00f6rt f\u00f6rest\u00e4llningar n\u00e4stan varje \u00e5r sedan dess. Sk\u00e5despelarna \u00e4r i \u00e5ldrarna 12-19 \u00e5r.<\/p><\/div>\n\n\n\n<div class=\"wp-block-stackable-button-group stk-block-button-group stk-block stk-4fcce47\" data-block-id=\"4fcce47\"><div class=\"stk-row stk-inner-blocks stk-block-content stk-button-group\">\n<div class=\"wp-block-stackable-button stk-block-button stk-block stk-3e0a9ac\" data-block-id=\"3e0a9ac\"><style>.stk-3e0a9ac .stk-button{border-radius:0px !important}.stk-3e0a9ac .stk-button:before{box-shadow:none !important}<\/style><a class=\"stk-link stk-button stk--hover-effect-scale-more\" href=\"https:\/\/teaterrut.se\/?page_id=64\"><span class=\"stk-button__inner-text\">L\u00e4s mer<\/span><\/a><\/div>\n<\/div><\/div>\n<\/div><\/div><\/div>\n<\/div><\/div><\/div>\n<\/div><\/div><\/div>\n<\/div><\/div>\n\n\n\n<div class=\"wp-block-stackable-columns stk-block-columns stk-block stk-2f2f137\" data-block-id=\"2f2f137\"><style>.stk-2f2f137{margin-bottom:60px !important}<\/style><div class=\"stk-row stk-inner-blocks stk-block-content stk-content-align stk-2f2f137-column\">\n<div class=\"wp-block-stackable-column stk-block-column stk-column stk-block stk-9cb640d\" data-v=\"4\" data-block-id=\"9cb640d\"><style>.stk-9cb640d-container{margin-top:15px !important;margin-right:15px !important;margin-bottom:15px !important;margin-left:15px !important}<\/style><div class=\"stk-column-wrapper stk-block-column__content stk-container stk-9cb640d-container stk--no-background stk--no-padding\"><div class=\"stk-block-content stk-inner-blocks stk-9cb640d-inner-blocks\">\n<div class=\"wp-block-stackable-image stk-block-image stk-block stk-5211af3\" data-block-id=\"5211af3\"><style>.stk-5211af3 .stk-img-wrapper{height:350px !important}<\/style><a class=\"stk-link stk-img-wrapper stk-image--shape-stretch\" href=\"https:\/\/teaterrut.se\/?page_id=67\"><img loading=\"lazy\" decoding=\"async\" class=\"stk-img wp-image-621\" src=\"https:\/\/teaterrut.se\/wp-content\/uploads\/DSC_0789.jpg\" width=\"150\" height=\"350\"\/><\/a><\/div>\n\n\n\n<div class=\"wp-block-stackable-feature stk-block-feature stk-block stk-b987b35 is-style-default\" data-v=\"2\" data-block-id=\"b987b35\"><div class=\"stk-content-align stk-b987b35-column stk-container stk-b987b35-container stk--no-background stk--no-padding\"><div class=\"stk-inner-blocks stk-block-content stk-row\">\n<div class=\"wp-block-stackable-column stk-block-column stk-column stk-block stk-a90b2b3\" data-v=\"4\" data-block-id=\"a90b2b3\"><style>.stk-a90b2b3{align-self:center !important}<\/style><div class=\"stk-column-wrapper stk-block-column__content stk-container stk-a90b2b3-container stk--no-background stk--no-padding\"><div class=\"stk-block-content stk-inner-blocks stk-a90b2b3-inner-blocks\">\n<div class=\"wp-block-stackable-heading stk-block-heading stk-block-heading--v2 stk-block stk-a445441\" id=\"vuxengruppen\" data-block-id=\"a445441\"><h2 class=\"stk-block-heading__text\">Vuxengruppen<\/h2><\/div>\n\n\n\n<div class=\"wp-block-stackable-text stk-block-text stk-block stk-75d59f1\" data-block-id=\"75d59f1\"><p class=\"stk-block-text__text\">Denna grupp som startades \u00e5r 2000 \u00e4r fr\u00e4mst f\u00f6r vuxna, men \u00e4ven barn och ungdomar brukar vara med h\u00e4r f\u00f6r att f\u00e5 en bra blandning p\u00e5 \u00e5ldrarna. F\u00f6rest\u00e4llningar ges f\u00f6r allm\u00e4nheten.<\/p><\/div>\n\n\n\n<div class=\"wp-block-stackable-button-group stk-block-button-group stk-block stk-1a9dda5\" data-block-id=\"1a9dda5\"><div class=\"stk-row stk-inner-blocks stk-block-content stk-button-group\">\n<div class=\"wp-block-stackable-button stk-block-button stk-block stk-5805804\" data-block-id=\"5805804\"><style>.stk-5805804 .stk-button{border-radius:0px !important}.stk-5805804 .stk-button:before{box-shadow:none !important}<\/style><a class=\"stk-link stk-button stk--hover-effect-scale-more\" href=\"https:\/\/teaterrut.se\/?page_id=67\"><span class=\"stk-button__inner-text\">L\u00e4s mer<\/span><\/a><\/div>\n<\/div><\/div>\n<\/div><\/div><\/div>\n<\/div><\/div><\/div>\n<\/div><\/div><\/div>\n\n\n\n<div class=\"wp-block-stackable-column stk-block-column stk-column stk-block stk-cf22d3f\" data-v=\"4\" data-block-id=\"cf22d3f\"><style>.stk-cf22d3f-container{margin-top:15px !important;margin-right:15px !important;margin-bottom:15px !important;margin-left:15px !important}<\/style><div class=\"stk-column-wrapper stk-block-column__content stk-container stk-cf22d3f-container stk--no-background stk--no-padding\"><div class=\"stk-block-content stk-inner-blocks stk-cf22d3f-inner-blocks\">\n<div class=\"wp-block-stackable-image stk-block-image stk-block stk-662e04b\" data-block-id=\"662e04b\"><style>.stk-662e04b .stk-img-wrapper{height:350px !important}<\/style><a class=\"stk-link stk-img-wrapper stk-image--shape-stretch\" href=\"https:\/\/teaterrut.se\/?page_id=1229\"><img loading=\"lazy\" decoding=\"async\" class=\"stk-img wp-image-1663\" src=\"https:\/\/teaterrut.se\/wp-content\/uploads\/Produktioner-RR.jpg\" width=\"2560\" height=\"1700\" srcset=\"https:\/\/teaterrut.se\/wp-content\/uploads\/Produktioner-RR.jpg 2560w, https:\/\/teaterrut.se\/wp-content\/uploads\/Produktioner-RR-450x299.jpg 450w, https:\/\/teaterrut.se\/wp-content\/uploads\/Produktioner-RR-1024x680.jpg 1024w, https:\/\/teaterrut.se\/wp-content\/uploads\/Produktioner-RR-190x126.jpg 190w, https:\/\/teaterrut.se\/wp-content\/uploads\/Produktioner-RR-768x510.jpg 768w, https:\/\/teaterrut.se\/wp-content\/uploads\/Produktioner-RR-1536x1020.jpg 1536w, https:\/\/teaterrut.se\/wp-content\/uploads\/Produktioner-RR-2048x1360.jpg 2048w\" sizes=\"(max-width: 2560px) 100vw, 2560px\" \/><\/a><\/div>\n\n\n\n<div class=\"wp-block-stackable-feature stk-block-feature stk-block stk-1f2bbd3 is-style-default\" data-v=\"2\" data-block-id=\"1f2bbd3\"><div class=\"stk-content-align stk-1f2bbd3-column stk-container stk-1f2bbd3-container stk--no-background stk--no-padding\"><div class=\"stk-inner-blocks stk-block-content stk-row\">\n<div class=\"wp-block-stackable-column stk-block-column stk-column stk-block stk-e6aa623\" data-v=\"4\" data-block-id=\"e6aa623\"><style>.stk-e6aa623{align-self:center !important}<\/style><div class=\"stk-column-wrapper stk-block-column__content stk-container stk-e6aa623-container stk--no-background stk--no-padding\"><div class=\"stk-block-content stk-inner-blocks stk-e6aa623-inner-blocks\">\n<div class=\"wp-block-stackable-heading stk-block-heading stk-block-heading--v2 stk-block stk-e5f4797\" id=\"rimbo-revyn\" data-block-id=\"e5f4797\"><h2 class=\"stk-block-heading__text\">RimboRevyn<\/h2><\/div>\n\n\n\n<div class=\"wp-block-stackable-text stk-block-text stk-block stk-33eaa0b\" data-block-id=\"33eaa0b\"><p class=\"stk-block-text__text\">Denna grupp startades \u00e5r 2022, s\u00e5 det \u00e4r v\u00e5rt senaste koncept. Resultatet blev lyckat s\u00e5 det kommer komma fler f\u00f6rest\u00e4llningar fram\u00f6ver. Gruppen har sk\u00e5despelare i alla typer av \u00e5ldrar.<\/p><\/div>\n\n\n\n<div class=\"wp-block-stackable-button-group stk-block-button-group stk-block stk-58b0b3e\" data-block-id=\"58b0b3e\"><div class=\"stk-row stk-inner-blocks stk-block-content stk-button-group\">\n<div class=\"wp-block-stackable-button stk-block-button stk-block stk-32451fb\" data-block-id=\"32451fb\"><style>.stk-32451fb .stk-button{border-radius:0px !important}<\/style><a class=\"stk-link stk-button stk--hover-effect-scale-more\" href=\"https:\/\/teaterrut.se\/?page_id=1229\"><span class=\"stk-button__inner-text\">L\u00e4s mer<\/span><\/a><\/div>\n<\/div><\/div>\n<\/div><\/div><\/div>\n<\/div><\/div><\/div>\n<\/div><\/div><\/div>\n<\/div><\/div>\n\n\n\n<div class=\"wp-block-stackable-columns stk-block-columns stk-block stk-8dc6aec\" data-block-id=\"8dc6aec\"><style>.stk-8dc6aec{margin-bottom:60px !important}<\/style><div class=\"stk-row stk-inner-blocks stk-block-content stk-content-align stk-8dc6aec-column\">\n<div class=\"wp-block-stackable-column stk-block-column stk-column stk-block stk-4d772e2\" data-v=\"4\" data-block-id=\"4d772e2\"><style>.stk-4d772e2-container{margin-top:15px !important;margin-right:15px !important;margin-bottom:15px !important;margin-left:15px !important}<\/style><div class=\"stk-column-wrapper stk-block-column__content stk-container stk-4d772e2-container stk--no-background stk--no-padding\"><div class=\"stk-block-content stk-inner-blocks stk-4d772e2-inner-blocks\">\n<div class=\"wp-block-stackable-image stk-block-image stk-block stk-6967b3b\" data-block-id=\"6967b3b\"><style>.stk-6967b3b .stk-img-wrapper{height:350px !important}<\/style><a class=\"stk-link stk-img-wrapper stk-image--shape-stretch\" href=\"https:\/\/teaterrut.se\/?page_id=69\"><img loading=\"lazy\" decoding=\"async\" class=\"stk-img wp-image-624\" src=\"https:\/\/teaterrut.se\/wp-content\/uploads\/DSC3020.jpg\" width=\"150\" height=\"350\"\/><\/a><\/div>\n\n\n\n<div class=\"wp-block-stackable-feature stk-block-feature stk-block stk-0ffa310 is-style-default\" data-v=\"2\" data-block-id=\"0ffa310\"><div class=\"stk-content-align stk-0ffa310-column stk-container stk-0ffa310-container stk--no-background stk--no-padding\"><div class=\"stk-inner-blocks stk-block-content stk-row\">\n<div class=\"wp-block-stackable-column stk-block-column stk-column stk-block stk-5a13d99\" data-v=\"4\" data-block-id=\"5a13d99\"><style>.stk-5a13d99{align-self:center !important}<\/style><div class=\"stk-column-wrapper stk-block-column__content stk-container stk-5a13d99-container stk--no-background stk--no-padding\"><div class=\"stk-block-content stk-inner-blocks stk-5a13d99-inner-blocks\">\n<div class=\"wp-block-stackable-heading stk-block-heading stk-block-heading--v2 stk-block stk-66a357e\" id=\"rimbo-live\" data-block-id=\"66a357e\"><h2 class=\"stk-block-heading__text\">RimboLive<\/h2><\/div>\n\n\n\n<div class=\"wp-block-stackable-text stk-block-text stk-block stk-deeb235\" data-block-id=\"deeb235\"><p class=\"stk-block-text__text\">Detta \u00e4r ett tidigare koncept inom RUT som framf\u00f6rde konserter med lokala artister och grupper f\u00f6r allm\u00e4nheten under \u00e5ren 2007-2009, men som just nu inte l\u00e4ngre existerar.<\/p><\/div>\n\n\n\n<div class=\"wp-block-stackable-button-group stk-block-button-group stk-block stk-cf56c53\" data-block-id=\"cf56c53\"><div class=\"stk-row stk-inner-blocks stk-block-content stk-button-group\">\n<div class=\"wp-block-stackable-button stk-block-button stk-block stk-2fdc4be\" data-block-id=\"2fdc4be\"><style>.stk-2fdc4be .stk-button{border-radius:0px !important}.stk-2fdc4be .stk-button:before{box-shadow:none !important}<\/style><a class=\"stk-link stk-button stk--hover-effect-scale-more\" href=\"https:\/\/teaterrut.se\/?page_id=69\"><span class=\"stk-button__inner-text\">L\u00e4s mer<\/span><\/a><\/div>\n<\/div><\/div>\n<\/div><\/div><\/div>\n<\/div><\/div><\/div>\n<\/div><\/div><\/div>\n\n\n\n<div class=\"wp-block-stackable-column stk-block-column stk-column stk-block stk-e2a093b\" data-v=\"4\" data-block-id=\"e2a093b\"><style>.stk-e2a093b-container{margin-top:15px !important;margin-right:15px !important;margin-bottom:15px !important;margin-left:15px !important}<\/style><div class=\"stk-column-wrapper stk-block-column__content stk-container stk-e2a093b-container stk--no-background stk--no-padding\"><div class=\"stk-block-content stk-inner-blocks stk-e2a093b-inner-blocks\">\n<div class=\"wp-block-stackable-feature stk-block-feature stk-block stk-8a04bee is-style-default\" data-v=\"2\" data-block-id=\"8a04bee\"><div class=\"stk-content-align stk-8a04bee-column stk-container stk-8a04bee-container stk--no-background stk--no-padding\"><div class=\"stk-inner-blocks stk-block-content stk-row\">\n<div class=\"wp-block-stackable-column stk-block-column stk-column stk-block stk-aa695f9\" data-v=\"4\" data-block-id=\"aa695f9\"><style>.stk-aa695f9{align-self:center !important}<\/style><div class=\"stk-column-wrapper stk-block-column__content stk-container stk-aa695f9-container stk--no-background stk--no-padding\"><div class=\"stk-block-content stk-inner-blocks stk-aa695f9-inner-blocks\"><\/div><\/div><\/div>\n<\/div><\/div><\/div>\n<\/div><\/div><\/div>\n<\/div><\/div>\n","protected":false},"excerpt":{"rendered":"<p>Produktioner F\u00f6r mer information om v\u00e5ra olika grupper inom RUT, var v\u00e4nlig v\u00e4lj grupp genom att klicka p\u00e5 n\u00e5got av valen nedan: Barngruppen Denna grupp \u00e4r f\u00f6r barn i \u00e5ldrarna 7-11 \u00e5r. F\u00f6rest\u00e4llningar ges enbart f\u00f6r familj och sl\u00e4kt, inte f\u00f6r allm\u00e4nheten eller skolor. Gruppen startades \u00e5r 2010 och har hittills framf\u00f6r 4 st f\u00f6rest\u00e4llningar. [&hellip;]<\/p>\n","protected":false},"author":4,"featured_media":0,"parent":0,"menu_order":5,"comment_status":"closed","ping_status":"closed","template":"","meta":{"_uag_custom_page_level_css":"","footnotes":""},"blocksy_meta":{"styles_descriptor":{"styles":{"desktop":"","tablet":"","mobile":""},"google_fonts":[],"version":5}},"featured_image_urls":{"full":"","thumbnail":"","medium":"","medium_large":"","large":"","1536x1536":"","2048x2048":""},"post_excerpt_stackable":"<p>Produktioner F\u00f6r mer information om v\u00e5ra olika grupper inom RUT, var v\u00e4nlig v\u00e4lj grupp genom att klicka p\u00e5 n\u00e5got av valen nedan: Barngruppen Denna grupp \u00e4r f\u00f6r barn i \u00e5ldrarna 7-11 \u00e5r. F\u00f6rest\u00e4llningar ges enbart f\u00f6r familj och sl\u00e4kt, inte f\u00f6r allm\u00e4nheten eller skolor. Gruppen startades \u00e5r 2010 och har hittills framf\u00f6r 4 st f\u00f6rest\u00e4llningar. L\u00e4s mer Ungdomsgruppen Detta \u00e4r v\u00e5r ordinarie grupp som vi startade f\u00f6reningen med \u00e5r 1995 och gruppen har framf\u00f6rt f\u00f6rest\u00e4llningar n\u00e4stan varje \u00e5r sedan dess. Sk\u00e5despelarna \u00e4r i \u00e5ldrarna 12-19 \u00e5r. L\u00e4s mer Vuxengruppen Denna grupp som startades \u00e5r 2000 \u00e4r fr\u00e4mst f\u00f6r vuxna, men&hellip;<\/p>\n","category_list":"","author_info":{"name":"Hamlet","url":"https:\/\/teaterrut.se\/?author=4"},"comments_num":"0 comments","uagb_featured_image_src":{"full":false,"thumbnail":false,"medium":false,"medium_large":false,"large":false,"1536x1536":false,"2048x2048":false},"uagb_author_info":{"display_name":"Hamlet","author_link":"https:\/\/teaterrut.se\/?author=4"},"uagb_comment_info":0,"uagb_excerpt":"Produktioner F\u00f6r mer information om v\u00e5ra olika grupper inom RUT, var v\u00e4nlig v\u00e4lj grupp genom att klicka p\u00e5 n\u00e5got av valen nedan: Barngruppen Denna grupp \u00e4r f\u00f6r barn i \u00e5ldrarna 7-11 \u00e5r. F\u00f6rest\u00e4llningar ges enbart f\u00f6r familj och sl\u00e4kt, inte f\u00f6r allm\u00e4nheten eller skolor. Gruppen startades \u00e5r 2010 och har hittills framf\u00f6r 4 st f\u00f6rest\u00e4llningar.&hellip;","_links":{"self":[{"href":"https:\/\/teaterrut.se\/index.php?rest_route=\/wp\/v2\/pages\/7"}],"collection":[{"href":"https:\/\/teaterrut.se\/index.php?rest_route=\/wp\/v2\/pages"}],"about":[{"href":"https:\/\/teaterrut.se\/index.php?rest_route=\/wp\/v2\/types\/page"}],"author":[{"embeddable":true,"href":"https:\/\/teaterrut.se\/index.php?rest_route=\/wp\/v2\/users\/4"}],"replies":[{"embeddable":true,"href":"https:\/\/teaterrut.se\/index.php?rest_route=%2Fwp%2Fv2%2Fcomments&post=7"}],"version-history":[{"count":29,"href":"https:\/\/teaterrut.se\/index.php?rest_route=\/wp\/v2\/pages\/7\/revisions"}],"predecessor-version":[{"id":1696,"href":"https:\/\/teaterrut.se\/index.php?rest_route=\/wp\/v2\/pages\/7\/revisions\/1696"}],"wp:attachment":[{"href":"https:\/\/teaterrut.se\/index.php?rest_route=%2Fwp%2Fv2%2Fmedia&parent=7"}],"curies":[{"name":"wp","href":"https:\/\/api.w.org\/{rel}","templated":true}]}}