{"id":9,"date":"2009-11-14T00:02:02","date_gmt":"2009-11-13T23:02:02","guid":{"rendered":"http:\/\/teaterrut.se\/?page_id=9"},"modified":"2023-08-28T19:08:58","modified_gmt":"2023-08-28T18:08:58","slug":"barngruppen","status":"publish","type":"page","link":"https:\/\/teaterrut.se\/?page_id=9","title":{"rendered":"Barngruppen"},"content":{"rendered":"\n<div class=\"wp-block-stackable-image alignfull stk-block-image stk-block stk-d39d971\" data-block-id=\"d39d971\"><style>.stk-d39d971{align-items:center !important;padding-top:0px !important;padding-right:0px !important;padding-bottom:0px !important;padding-left:0px !important;margin-bottom:-200px !important;display:flex !important;overflow:scroll !important}.stk-d39d971 .stk-img-wrapper{height:640px !important}.stk-d39d971 .stk-img-wrapper img{object-position:50% 21% !important}<\/style><figure class=\"stk-img-wrapper stk-image--shape-stretch\"><img loading=\"lazy\" decoding=\"async\" class=\"stk-img wp-image-1664\" src=\"https:\/\/teaterrut.se\/wp-content\/uploads\/Barngruppen.jpg\" width=\"2560\" height=\"1700\" srcset=\"https:\/\/teaterrut.se\/wp-content\/uploads\/Barngruppen.jpg 2560w, https:\/\/teaterrut.se\/wp-content\/uploads\/Barngruppen-450x299.jpg 450w, https:\/\/teaterrut.se\/wp-content\/uploads\/Barngruppen-1024x680.jpg 1024w, https:\/\/teaterrut.se\/wp-content\/uploads\/Barngruppen-190x126.jpg 190w, https:\/\/teaterrut.se\/wp-content\/uploads\/Barngruppen-768x510.jpg 768w, https:\/\/teaterrut.se\/wp-content\/uploads\/Barngruppen-1536x1020.jpg 1536w, https:\/\/teaterrut.se\/wp-content\/uploads\/Barngruppen-2048x1360.jpg 2048w\" sizes=\"(max-width: 2560px) 100vw, 2560px\" \/><\/figure><\/div>\n\n\n\n<div class=\"wp-block-stackable-separator alignfull stk-block-separator stk--no-padding stk-block stk-40770c1\" data-block-id=\"40770c1\"><style>.stk-40770c1{border-radius:0px !important;overflow:hidden !important;margin-bottom:0px !important;z-index:6 !important}.stk-40770c1 svg{fill:var(--paletteColor8,#ffffff) !important;filter:drop-shadow(0px -20px 20px rgba(0,0,0,0.5)) !important}.stk-40770c1 .stk-block-separator__inner{transform:scaleX(1) !important;height:200px !important}<\/style><div class=\"stk-block-separator__inner\"><svg xmlns=\"http:\/\/www.w3.org\/2000\/svg\" viewBox=\"0 0 1600 200\" class=\"stk-separator__layer-1\" preserveAspectRatio=\"none\" aria-hidden=\"true\"><path class=\"wave-1_svg__st2\" d=\"M1341.4 48.9c-182.4 0-254.2 80.4-429.4 80.4-117.8 0-209.7-67.5-393.5-67.5-142.2 0-212.6 38.8-324.6 38.8S-10 64.7-10 64.7V210h1620V102c-110.6-40.2-181-53.1-268.6-53.1z\"><\/path><\/svg><\/div><\/div>\n\n\n\n<div class=\"wp-block-stackable-heading stk-block-heading stk-block-heading--v2 stk-block stk-66708ee\" id=\"valkommen-till-rimbo-ungdoms-teaterforening\" data-block-id=\"66708ee\"><style>.stk-66708ee{padding-top:0px !important;padding-right:0px !important;padding-bottom:0px !important;padding-left:0px !important;margin-left:30px !important}.stk-66708ee .stk-block-heading__text{line-height:2em !important;font-family:\"Albert Sans\",Sans-serif !important}.stk-66708ee .stk-block-heading__top-line{width:100px !important;background-color:var(--paletteColor4,#2c3e50) !important;margin-left:0 !important;margin-right:auto !important}.stk-66708ee .stk-block-heading__bottom-line{width:100px !important;background-color:var(--paletteColor4,#2c3e50) !important;margin-right:auto !important}<\/style><div class=\"stk-block-heading__top-line\"><\/div><h2 class=\"stk-block-heading__text\">Barngruppen<\/h2><div class=\"stk-block-heading__bottom-line\"><\/div><\/div>\n\n\n\n<div class=\"wp-block-stackable-columns stk-block-columns stk-block stk-7f087e9\" data-block-id=\"7f087e9\"><style>.stk-7f087e9{margin-bottom:0px !important}.stk-7f087e9-column{--stk-columns-spacing:30px !important}<\/style><div class=\"stk-row stk-inner-blocks stk-block-content stk-content-align stk-7f087e9-column\">\n<div class=\"wp-block-stackable-column stk-block-column stk-column stk-block stk-04d9854\" data-v=\"4\" data-block-id=\"04d9854\"><div class=\"stk-column-wrapper stk-block-column__content stk-container stk-04d9854-container stk--no-background stk--no-padding\"><div class=\"stk-block-content stk-inner-blocks stk-04d9854-inner-blocks\">\n<div class=\"wp-block-stackable-text stk-block-text stk-block stk-2d0d028\" data-block-id=\"2d0d028\"><p class=\"stk-block-text__text\">Just nu s\u00f6ker vi sk\u00e5despelare till barngruppen inf\u00f6r en kommande f\u00f6rest\u00e4llning. Kontakta oss g\u00e4rna om du eller ditt barn \u00e4r intresserat av att vara med.<\/p><\/div>\n\n\n\n<h2 class=\"wp-block-heading\">Barngruppens tidigare f\u00f6rest\u00e4llningar genom \u00e5ren:<\/h2>\n\n\n\n<div class=\"wp-block-stackable-icon-list stk-block-icon-list stk-block stk-f58b079\" data-block-id=\"f58b079\"><style>.stk-f58b079 ul li{list-style-image:url('data:image\/svg+xml;base64,PHN2ZyB4bWxucz0iaHR0cDovL3d3dy53My5vcmcvMjAwMC9zdmciIHZpZXdCb3g9IjAgMCAxOTAgMTkwIiBzdHlsZT0iZmlsbDogIzAwMCAhaW1wb3J0YW50OyBjb2xvcjogIzAwMCAhaW1wb3J0YW50O3RyYW5zZm9ybTogcm90YXRlKGRlZykgIWltcG9ydGFudDsiPjxwb2x5Z29uIHBvaW50cz0iMTczLjgsMjguNCA2MC40LDE0MS44IDE1LjcsOTcuMiA1LjEsMTA3LjggNjAuNCwxNjMgMTg0LjQsMzkgMTczLjgsMjguNCIgZmlsbD0iIzAwMCIgc3Ryb2tlPSIjMDAwIiBzdHlsZT0iZmlsbDogcmdiKDAsIDAsIDApOyBzdHJva2U6IHJnYigwLCAwLCAwKTsiLz48L3N2Zz4=') !important}<\/style><ul><li>Sn\u00f6vit och de 7 dv\u00e4rgarna (2010)<\/li><li>Nalle Puh (2018)<\/li><li>Trubbel i sagolandet (2019)<\/li><li>Djungelboken (2020)<\/li><\/ul><\/div>\n<\/div><\/div><\/div>\n<\/div><\/div>\n","protected":false},"excerpt":{"rendered":"<p>Barngruppen Just nu s\u00f6ker vi sk\u00e5despelare till barngruppen inf\u00f6r en kommande f\u00f6rest\u00e4llning. Kontakta oss g\u00e4rna om du eller ditt barn \u00e4r intresserat av att vara med. Barngruppens tidigare f\u00f6rest\u00e4llningar genom \u00e5ren: Sn\u00f6vit och de 7 dv\u00e4rgarna (2010) Nalle Puh (2018) Trubbel i sagolandet (2019) Djungelboken (2020)<\/p>\n","protected":false},"author":4,"featured_media":0,"parent":7,"menu_order":1,"comment_status":"closed","ping_status":"closed","template":"","meta":{"_uag_custom_page_level_css":"","footnotes":""},"blocksy_meta":{"styles_descriptor":{"styles":{"desktop":"","tablet":"","mobile":""},"google_fonts":[],"version":5}},"featured_image_urls":{"full":"","thumbnail":"","medium":"","medium_large":"","large":"","1536x1536":"","2048x2048":""},"post_excerpt_stackable":"<p>Barngruppen Just nu s\u00f6ker vi sk\u00e5despelare till barngruppen inf\u00f6r en kommande f\u00f6rest\u00e4llning. Kontakta oss g\u00e4rna om du eller ditt barn \u00e4r intresserat av att vara med. Barngruppens tidigare f\u00f6rest\u00e4llningar genom \u00e5ren: Sn\u00f6vit och de 7 dv\u00e4rgarna (2010)Nalle Puh (2018)Trubbel i sagolandet (2019)Djungelboken (2020)<\/p>\n","category_list":"","author_info":{"name":"Hamlet","url":"https:\/\/teaterrut.se\/?author=4"},"comments_num":"0 comments","uagb_featured_image_src":{"full":false,"thumbnail":false,"medium":false,"medium_large":false,"large":false,"1536x1536":false,"2048x2048":false},"uagb_author_info":{"display_name":"Hamlet","author_link":"https:\/\/teaterrut.se\/?author=4"},"uagb_comment_info":0,"uagb_excerpt":"Barngruppen Just nu s\u00f6ker vi sk\u00e5despelare till barngruppen inf\u00f6r en kommande f\u00f6rest\u00e4llning. Kontakta oss g\u00e4rna om du eller ditt barn \u00e4r intresserat av att vara med. Barngruppens tidigare f\u00f6rest\u00e4llningar genom \u00e5ren: Sn\u00f6vit och de 7 dv\u00e4rgarna (2010) Nalle Puh (2018) Trubbel i sagolandet (2019) Djungelboken (2020)","_links":{"self":[{"href":"https:\/\/teaterrut.se\/index.php?rest_route=\/wp\/v2\/pages\/9"}],"collection":[{"href":"https:\/\/teaterrut.se\/index.php?rest_route=\/wp\/v2\/pages"}],"about":[{"href":"https:\/\/teaterrut.se\/index.php?rest_route=\/wp\/v2\/types\/page"}],"author":[{"embeddable":true,"href":"https:\/\/teaterrut.se\/index.php?rest_route=\/wp\/v2\/users\/4"}],"replies":[{"embeddable":true,"href":"https:\/\/teaterrut.se\/index.php?rest_route=%2Fwp%2Fv2%2Fcomments&post=9"}],"version-history":[{"count":6,"href":"https:\/\/teaterrut.se\/index.php?rest_route=\/wp\/v2\/pages\/9\/revisions"}],"predecessor-version":[{"id":1697,"href":"https:\/\/teaterrut.se\/index.php?rest_route=\/wp\/v2\/pages\/9\/revisions\/1697"}],"up":[{"embeddable":true,"href":"https:\/\/teaterrut.se\/index.php?rest_route=\/wp\/v2\/pages\/7"}],"wp:attachment":[{"href":"https:\/\/teaterrut.se\/index.php?rest_route=%2Fwp%2Fv2%2Fmedia&parent=9"}],"curies":[{"name":"wp","href":"https:\/\/api.w.org\/{rel}","templated":true}]}}